{"id":63,"date":"2017-11-02T07:43:30","date_gmt":"2017-11-02T07:43:30","guid":{"rendered":"http:\/\/mauweb.monamedia.net\/haiau\/?post_type=product&#038;p=63"},"modified":"2017-11-24T15:31:36","modified_gmt":"2017-11-24T15:31:36","slug":"zl50cn","status":"publish","type":"product","link":"https:\/\/mauweb.monamedia.net\/haiau\/san-pham\/zl50cn\/","title":{"rendered":"M\u00e1y x\u00fac l\u1eadt LiuGong ZL50CN"},"content":{"rendered":"<p><strong>Gi\u1edbi thi\u1ec7u v\u1ec1 m\u00e1y x\u00fac l\u1eadt LiuGong ZL50CN<\/strong><\/p>\n<p>M\u00e1y x\u00fac l\u1eadt LiuGong ZL50CN \u0111\u01b0\u1ee3c thi\u1ebft k\u1ebf v\u1edbi h\u1ec7 th\u1ed1ng xylanh t\u1ef1 \u0111\u1ea9y gi\u00fap vi\u1ec7c thao t\u00e1c \u0111\u01b0\u1ee3c nh\u1eb9 nh\u00e0ng v\u00e0 d\u1ec5 d\u00e0ng h\u01a1n. Thu\u1eadn ti\u1ec7n cho vi\u1ec7c ki\u1ec3m tra, b\u1ea3o d\u01b0\u1ee1ng \u0111\u1ed9ng c\u01a1. Ngo\u00e0i ra, cabin xe \u0111\u01b0\u1ee3c thi\u1ebft k\u1ebf r\u1ed9ng, tho\u00e1ng t\u1ea1o kh\u00f4ng gian tho\u1ea3i m\u00e1i cho ng\u01b0\u1eddi v\u1eadn h\u00e0nh. \u0110\u1ed3ng th\u1eddi t\u0103ng kh\u1ea3 n\u0103ng quan s\u00e1t c\u1ee7a ng\u01b0\u1eddi v\u1eadn h\u00e0nh.<\/p>\n<p>Tay chang \u0111i\u1ec1u khi\u1ec3n c\u1ee7a m\u00e1y x\u00fac l\u1eadt LiuGong c\u00f3 2 lo\u1ea1i l\u00e0 tay chang c\u01a1 kh\u00ed v\u00e0 tay chang th\u1ee7y l\u1ef1c. V\u1edbi tay chang th\u1ee7y l\u1ef1c s\u1ebd gi\u00fap cho thao t\u00e1c v\u1eadn h\u00e0nh nh\u1eb9 nh\u00e0ng h\u01a1n, khi\u1ebfn ng\u01b0\u1eddi v\u1eadn h\u00e0nh tho\u1ea3i m\u00e1i h\u01a1n trong qu\u00e1 tr\u00ecnh l\u00e0m vi\u1ec7c.<\/p>\n<p>M\u00e1y x\u00fac l\u1eadt ZL50CN c\u00f3 2 lo\u1ea1i \u0111\u1ed9ng c\u01a1\u00a0 WEICHAI v\u00e0 CUMMINS QUANGXI \u0111\u1ec3 kh\u00e1ch h\u00e0ng l\u1ef1a ch\u1ecdn. \u0110\u1ed9ng c\u01a1 c\u1ee7a d\u00f2ng m\u00e1y x\u00fac l\u1eadt ZL50CN \u0111\u1ec1u c\u00f3 c\u00f4ng su\u1ea5t 162Kw (220HP), lo\u1ea1i 6 m\u00e1y turbo t\u0103ng \u00e1p. \u0110\u1ed9ng c\u01a1 cho moment xo\u1eafn \u0111\u1ea1t 890N.m, gi\u00fap m\u00e1y t\u1ea1o ra l\u1ef1c k\u00e9o 160KN. V\u00ec v\u1eady, m\u00e1y l\u00e0m vi\u1ec7c \u1ed5n \u0111\u1ecbnh v\u00e0 hi\u1ec7u su\u1ea5t cao v\u1edbi nhi\u1ec1u d\u1ea1ng v\u1eadt li\u1ec7u kh\u00e1c nhau.<\/p>\n<p><strong><br \/>\n<img decoding=\"async\" loading=\"lazy\" class=\"aligncenter wp-image-67 size-full\" src=\"http:\/\/mauweb.monamedia.net\/haiau\/wp-content\/uploads\/2017\/11\/ZL50CN-5.jpg\" alt=\"\" width=\"2394\" height=\"745\" srcset=\"https:\/\/mauweb.monamedia.net\/haiau\/wp-content\/uploads\/2017\/11\/ZL50CN-5.jpg 2394w, https:\/\/mauweb.monamedia.net\/haiau\/wp-content\/uploads\/2017\/11\/ZL50CN-5-300x93.jpg 300w, https:\/\/mauweb.monamedia.net\/haiau\/wp-content\/uploads\/2017\/11\/ZL50CN-5-768x239.jpg 768w, https:\/\/mauweb.monamedia.net\/haiau\/wp-content\/uploads\/2017\/11\/ZL50CN-5-1024x319.jpg 1024w, https:\/\/mauweb.monamedia.net\/haiau\/wp-content\/uploads\/2017\/11\/ZL50CN-5-24x7.jpg 24w, https:\/\/mauweb.monamedia.net\/haiau\/wp-content\/uploads\/2017\/11\/ZL50CN-5-36x11.jpg 36w, https:\/\/mauweb.monamedia.net\/haiau\/wp-content\/uploads\/2017\/11\/ZL50CN-5-48x15.jpg 48w\" sizes=\"(max-width: 2394px) 100vw, 2394px\" \/><\/strong><\/p>\n","protected":false},"excerpt":{"rendered":"<table width=\"0\">\n<tbody>\n<tr>\n<td width=\"211\"><strong>M\u00d4 T\u1ea2<\/strong><\/td>\n<td width=\"192\"><strong>\u0110\u01a0N V\u1eca<\/strong><\/td>\n<td width=\"222\"><strong>ZL50CN<\/strong><\/td>\n<\/tr>\n<tr>\n<td width=\"211\">T\u1ef1 tr\u1ecdng<\/td>\n<td width=\"192\">Kg<\/td>\n<td width=\"222\">16500<\/td>\n<\/tr>\n<tr>\n<td width=\"211\">Dung t\u00edch g\u1ea7u ti\u00eau chu\u1ea9n<\/td>\n<td width=\"192\">m\u00b3<\/td>\n<td width=\"222\">3<\/td>\n<\/tr>\n<tr>\n<td width=\"211\">T\u1ea3i tr\u1ecdng n\u00e2ng<\/td>\n<td width=\"192\">Kg<\/td>\n<td width=\"222\">5000<\/td>\n<\/tr>\n<tr>\n<td width=\"211\">L\u1ef1c k\u00e9o<\/td>\n<td width=\"192\">KN<\/td>\n<td width=\"222\">167<\/td>\n<\/tr>\n<tr>\n<td width=\"211\">\u0110\u1ed9 r\u1ed9ng g\u1ea7u x\u00fac<\/td>\n<td width=\"192\">mm<\/td>\n<td width=\"222\">2976<\/td>\n<\/tr>\n<tr>\n<td width=\"211\"><strong>K\u00edch th\u01b0\u1edbc<\/strong><\/td>\n<td width=\"192\"><\/td>\n<td width=\"222\"><\/td>\n<\/tr>\n<tr>\n<td width=\"211\">Chi\u1ec1u cao \u0111\u1ed5 v\u1eadt li\u1ec7u l\u1edbn nh\u1ea5t<\/td>\n<td width=\"192\">mm<\/td>\n<td width=\"222\">2970<\/td>\n<\/tr>\n<tr>\n<td width=\"211\">C\u1ef1 ly x\u1ea3 t\u1ea3i<\/td>\n<td width=\"192\">mm<\/td>\n<td width=\"222\">1200<\/td>\n<\/tr>\n<tr>\n<td width=\"211\">Kho\u1ea3ng c\u00e1ch tr\u1ee5c<\/td>\n<td width=\"192\">mm<\/td>\n<td width=\"222\">3427<\/td>\n<\/tr>\n<tr>\n<td width=\"211\">KT t\u1ed5ng th\u1ec3<br \/>\n(DxRxC)<\/td>\n<td width=\"192\">mm<\/td>\n<td width=\"222\">8030x2976x3470<\/td>\n<\/tr>\n<tr>\n<td width=\"211\">H\u1ed9p s\u1ed1<\/td>\n<td width=\"192\"><\/td>\n<td width=\"222\">Th\u1ee7y l\u1ef1c<\/td>\n<\/tr>\n<tr>\n<td width=\"211\"><strong>T\u1ed1c \u0111\u1ed9<\/strong><\/td>\n<td width=\"192\"><\/td>\n<td width=\"222\">2 s\u1ed1 ti\u1ebfn\/1 s\u1ed1 l\u00f9i<\/td>\n<\/tr>\n<tr>\n<td width=\"211\">T\u1ed1c \u0111\u1ed9 ti\u1ebfn l\u1edbn nh\u1ea5t<\/td>\n<td width=\"192\">Km\/h<\/td>\n<td width=\"222\">0-38<\/td>\n<\/tr>\n<tr>\n<td width=\"211\">T\u1ed1c \u0111\u1ed9 l\u00f9i l\u1edbn nh\u1ea5t<\/td>\n<td width=\"192\">Km\/h<\/td>\n<td width=\"222\">0-16<\/td>\n<\/tr>\n<tr>\n<td width=\"211\">T\u1ed5ng th\u1eddi gian m\u1ed9t chu tr\u00ecnh<\/td>\n<td width=\"192\">s<\/td>\n<td width=\"222\">11.5<\/td>\n<\/tr>\n<tr>\n<td width=\"211\"><strong>\u0110\u1ed9ng c\u01a1 *<\/strong><\/td>\n<td colspan=\"2\" width=\"414\">\u0110\u1ed9ng c\u01a1 Diesel 4 th\u00ec l\u00e0m m\u00e1t b\u1eb1ng n\u01b0\u1edbc, 6 xi lanh th\u1eb3ng h\u00e0ng, c\u00f3 Turbo t\u0103ng \u00e1p<\/p>\n<p>&nbsp;<\/td>\n<\/tr>\n<tr>\n<td width=\"211\">Model<\/td>\n<td width=\"192\"><\/td>\n<td width=\"222\">WEICHAI\/ CUMMINS<\/td>\n<\/tr>\n<tr>\n<td width=\"211\">C\u00f4ng su\u1ea5t\/ v\u00f2ng quay<\/td>\n<td width=\"192\">Kw\/rpm<\/td>\n<td width=\"222\">162\/2200<\/td>\n<\/tr>\n<tr>\n<td width=\"211\">Dung t\u00edch xi lanh<\/td>\n<td width=\"192\">L<\/td>\n<td width=\"222\">9.726\/ 9.3<\/td>\n<\/tr>\n<tr>\n<td width=\"211\">Moment xo\u1eafn l\u1edbn nh\u1ea5t<\/td>\n<td width=\"192\">N.m\/rpm<\/td>\n<td width=\"222\">900\/1400<\/td>\n<\/tr>\n<tr>\n<td width=\"211\">Quy c\u00e1ch l\u1ed1p<\/td>\n<td width=\"192\"><\/td>\n<td width=\"222\">23.5-25<\/td>\n<\/tr>\n<tr>\n<td width=\"211\">Cabin<\/td>\n<td width=\"192\"><\/td>\n<td width=\"222\"><\/td>\n<\/tr>\n<\/tbody>\n<\/table>\n","protected":false},"featured_media":68,"comment_status":"open","ping_status":"closed","template":"","meta":[],"_links":{"self":[{"href":"https:\/\/mauweb.monamedia.net\/haiau\/wp-json\/wp\/v2\/product\/63"}],"collection":[{"href":"https:\/\/mauweb.monamedia.net\/haiau\/wp-json\/wp\/v2\/product"}],"about":[{"href":"https:\/\/mauweb.monamedia.net\/haiau\/wp-json\/wp\/v2\/types\/product"}],"replies":[{"embeddable":true,"href":"https:\/\/mauweb.monamedia.net\/haiau\/wp-json\/wp\/v2\/comments?post=63"}],"wp:featuredmedia":[{"embeddable":true,"href":"https:\/\/mauweb.monamedia.net\/haiau\/wp-json\/wp\/v2\/media\/68"}],"wp:attachment":[{"href":"https:\/\/mauweb.monamedia.net\/haiau\/wp-json\/wp\/v2\/media?parent=63"}],"curies":[{"name":"wp","href":"https:\/\/api.w.org\/{rel}","templated":true}]}}