{"id":594,"date":"2017-11-24T08:38:34","date_gmt":"2017-11-24T08:38:34","guid":{"rendered":"http:\/\/mauweb.monamedia.net\/haiau\/?post_type=product&#038;p=594"},"modified":"2017-11-24T08:39:05","modified_gmt":"2017-11-24T08:39:05","slug":"xe-nang-kep-gach-dung","status":"publish","type":"product","link":"https:\/\/mauweb.monamedia.net\/haiau\/san-pham\/xe-nang-kep-gach-dung\/","title":{"rendered":"Xe n\u00e2ng k\u1eb9p g\u1ea1ch \u0111\u1ee9ng"},"content":{"rendered":"<p style=\"line-height: 13.95pt; background: white; margin: 0in 0in 7.5pt 0in;\"><span style=\"font-size: 10.0pt; font-family: 'Helvetica',sans-serif; color: #333333;\">-L\u00e0 m\u1ed9t n\u01b0\u1edbc \u0111ang ph\u00e1t tri\u1ec3n , x\u00e2y d\u1ef1ng nhi\u1ec1u n\u00ean ng\u00e0nh g\u1ea1ch Vi\u1ec7t Nam hi\u1ec7n nay \u0111ang r\u1ea5t ph\u00e1t tri\u1ec3n , r\u1ea5t nhi\u1ec1u nh\u00e0 m\u00e1y g\u1ea1ch m\u1ecdc l\u00ean tuy nhi\u00ean nhi\u1ec1u th\u1eddi \u0111i\u1ec3m l\u01b0\u1ee3ng g\u1ea1ch s\u1ea3n xu\u1ea5t ra v\u1eabn kh\u00f4ng \u0111\u1ee7 cung c\u1ea5p cho th\u1ecb tr\u01b0\u1eddng<\/span><\/p>\n<p style=\"line-height: 13.95pt; background: white; margin: 0in 0in 7.5pt 0in;\"><span style=\"font-size: 10.0pt; font-family: 'Helvetica',sans-serif; color: #333333;\">-S\u1ea3n ph\u1ea9m xe n\u00e2ng k\u1eb9p g\u1ea1ch ch\u00ednh l\u00e0 gi\u1ea3i ph\u00e1p gi\u00fap c\u00e1c nh\u00e0 m\u00e1y g\u1ea1ch kh\u00f4ng ph\u1ea3i thay \u0111\u1ed5i d\u00e2y truy\u1ec1n m\u00e0 v\u1eabn t\u0103ng c\u00f4ng su\u1ea5t l\u00ean \u0111\u00e1ng k\u1ec3 , gi\u1ea3m nhi\u1ec1u chi ph\u00ed nh\u00e2n c\u00f4ng .<\/span><\/p>\n<p style=\"line-height: 13.95pt; background: white; margin: 0in 0in 7.5pt 0in;\"><span style=\"font-size: 10.0pt; font-family: 'Helvetica',sans-serif; color: #333333;\">-S\u1ea3n ph\u1ea9m xe n\u00e2ng k\u1eb9p g\u1ea1ch gi\u00fap kh\u00e1ch h\u00e0ng kh\u00f4ng c\u1ea7n nhi\u1ec1u pallet n\u1eefa , g\u1ea1ch c\u00f3 th\u1ec3 x\u1ebfp t\u1ea1m \u1edf b\u1ea5t k\u1ef3 m\u1eb7t n\u1ec1n n\u00e0o ,v\u00ec xe n\u00e2ng k\u1eb9p g\u1ea1ch s\u1ebd k\u1eb9p c\u1ea3 block g\u1ea1ch v\u00e0 \u0111\u01b0a ch\u00fang l\u00ean xe an to\u00e0n , nhanh ch\u00f3ng .<\/span><\/p>\n<p style=\"line-height: 13.95pt; background: white; margin: 0in 0in 7.5pt 0in;\"><span style=\"font-size: 10.0pt; font-family: 'Helvetica',sans-serif; color: #333333;\">-So v\u1edbi c\u01a1 c\u1ea5u k\u1eb9p g\u1ea1ch ngang , c\u01a1 c\u1ea5u k\u1eb9p g\u1ea1ch \u0111\u1ee9ng c\u00f3 nh\u1eefng \u01b0u \u0111i\u1ec3m d\u00f9ng ch\u00ednh m\u00e1 k\u1eb9p \u0111\u1ec3 ch\u1ec9nh , \u0111\u1ea9y ki\u00eau g\u1ea1ch cho ngay ng\u1eafn khi x\u1ebfp l\u00ean xe t\u1ea3i<\/span><\/p>\n<p style=\"line-height: 13.95pt; background: white; margin: 0in 0in 7.5pt 0in;\"><span style=\"font-size: 10.0pt; font-family: 'Helvetica',sans-serif; color: #333333;\">-Tuy nhi\u00ean so v\u1edbi k\u1eb9p g\u1ea1ch ngang th\u00ec k\u1eb9p g\u1ea1ch \u0111\u1ee9ng c\u00f3 nh\u01b0\u1ee3c \u0111i\u1ec3m : Kh\u00f3 c\u0103n ch\u1ec9nh h\u00e0ng h\u00f3a h\u01a1n v\u00ec khu\u1ea5t t\u1ea7m nh\u00ecn h\u01a1n , H\u1ea1n ch\u1ebf chi\u1ec1u \u00a0cao h\u01a1n<\/span><\/p>\n","protected":false},"excerpt":{"rendered":"<ul class=\"mona-field-wrapp\">\n<li><span class=\"left\">H\u00e3ng s\u1ea3n xu\u1ea5t\u00a0 \u00a0 \u00a0 \u00a0<\/span><span class=\"right\">LiuGong<\/span><\/li>\n<li><span class=\"left\">D\u1ecbch v\u1ee5 sau b\u00e1n\u00a0 \u00a0 \u00a0<\/span><span class=\"right\">24\/7<\/span><\/li>\n<\/ul>\n","protected":false},"featured_media":595,"comment_status":"open","ping_status":"closed","template":"","meta":[],"_links":{"self":[{"href":"https:\/\/mauweb.monamedia.net\/haiau\/wp-json\/wp\/v2\/product\/594"}],"collection":[{"href":"https:\/\/mauweb.monamedia.net\/haiau\/wp-json\/wp\/v2\/product"}],"about":[{"href":"https:\/\/mauweb.monamedia.net\/haiau\/wp-json\/wp\/v2\/types\/product"}],"replies":[{"embeddable":true,"href":"https:\/\/mauweb.monamedia.net\/haiau\/wp-json\/wp\/v2\/comments?post=594"}],"wp:featuredmedia":[{"embeddable":true,"href":"https:\/\/mauweb.monamedia.net\/haiau\/wp-json\/wp\/v2\/media\/595"}],"wp:attachment":[{"href":"https:\/\/mauweb.monamedia.net\/haiau\/wp-json\/wp\/v2\/media?parent=594"}],"curies":[{"name":"wp","href":"https:\/\/api.w.org\/{rel}","templated":true}]}}