{"id":55,"date":"2017-11-02T07:33:07","date_gmt":"2017-11-02T07:33:07","guid":{"rendered":"http:\/\/mauweb.monamedia.net\/haiau\/?post_type=product&#038;p=55"},"modified":"2017-11-24T15:31:53","modified_gmt":"2017-11-24T15:31:53","slug":"zl40b","status":"publish","type":"product","link":"https:\/\/mauweb.monamedia.net\/haiau\/san-pham\/zl40b\/","title":{"rendered":"M\u00e1y x\u00fac l\u1eadt LiuGong ZL40B g\u1ea7u 2.2 m\u00b3"},"content":{"rendered":"<p><strong>Gi\u1edbi thi\u1ec7u v\u1ec1 m\u00e1y x\u00fac l\u1eadt ZL40B<\/strong><\/p>\n<p>M\u00e1y x\u00fac l\u1eadt LiuGong ZL40B c\u00f3 \u0111\u1ed9ng c\u01a1 SHANGCHAI, 6 m\u00e1y \u2013 turbo t\u0103ng \u00e1p v\u1edbi c\u00f4ng su\u1ea5t 125kW gi\u00fap xe c\u00f3 \u0111\u01b0\u1ee3c l\u1ef1c k\u00e9o 110KN. T\u1ed1c \u0111\u1ed9 ti\u1ebfn l\u1edbn nh\u1ea5t \u0111\u1ea1t 35km\/h, t\u1ed1c \u0111\u1ed9 l\u00f9i l\u1edbn nh\u00e2t 14km\/h.<\/p>\n<p>Ngo\u00e0i ra, d\u00f2ng m\u00e1y x\u00fac l\u1eadt LiuGong ZL40B c\u00f3 thi\u1ebft k\u1ebf cabin k\u00edn n\u00ean c\u00f3 kh\u1ea3 n\u0103ng ch\u1ed1ng \u1ed3n v\u00e0 ch\u1ed1ng b\u1ee5i cao. Gh\u1ebf cabin sang tr\u1ecdng, c\u00f3 th\u1ec3 \u0111i\u1ec1u ch\u1ec9nh nhi\u1ec1u v\u1ecb tr\u00ed m\u1ed9t c\u00e1ch linh ho\u1ea1t t\u1ea1o c\u1ea3m gi\u00e1c tho\u1ea3i m\u00e1i. \u0110i\u1ec1u h\u00f2a c\u00f4ng su\u1ea5t cao, c\u00f3 th\u1ec3 t\u00f9y \u00fd \u0111i\u1ec1u ch\u1ec9nh nhi\u1ec7t \u0111\u1ed9 b\u00ean trong cabin. Xi lanh l\u1eadt g\u1ea7u k\u1ebft c\u1ea5u \u0111\u01a1n, gi\u00fap t\u1ea7m nh\u00ecn \u0111\u01b0\u1ee3c m\u1edf r\u1ed9ng.<\/p>\n<p><span style=\"font-size: 14.4px;\">\u0110\u01b0\u1ee3c thi\u1ebft k\u1ebf ch\u1ecbu t\u1ea3i n\u1eb7ng, m\u00e1y x\u00fac l\u1eadt LiuGong ZL40B c\u00f3 ph\u1ea7n khung g\u1ea7m \u0111\u1ed9 c\u1ee9ng cao. T\u1ea5m th\u00e9p d\u00e0y h\u01a1n, k\u1ebft c\u1ea5u khung x\u01b0\u01a1ng l\u1edbn v\u1eefng ch\u1eafc. S\u1eed d\u1ee5ng c\u00f4ng ngh\u1ec7 h\u00e0n r\u00f4 b\u1ed1t t\u1ef1 \u0111\u1ed9ng gi\u00fap m\u1ed1i h\u00e0n ch\u1eafc ch\u1eafn kh\u00f4ng bi\u1ebfn d\u1ea1ng. Ph\u1ea7n g\u1ea7m v\u1edbi kho\u1ea3ng c\u00e1ch tr\u1ee5c l\u1edbn. T\u0103ng chi\u1ec1u d\u00e0i c\u1ea3 xe, n\u00e2ng cao kh\u1ea3 n\u0103ng \u1ed5n \u0111\u1ecbnh c\u1ee7a m\u00e1y khi l\u00e0m vi\u1ec7c, t\u0103ng kh\u1ea3 n\u0103ng an to\u00e0n khi thao t\u00e1c, gia t\u0103ng l\u1ef1c k\u00e9o. Chi ti\u1ebft truy\u1ec1n \u0111\u1ed9ng l\u1edbn, k\u1ebft c\u1ea5u ch\u1ecbu \u0111\u01b0\u1ee3c h\u1ec7 s\u1ed1 t\u1ea3i l\u1edbn, ch\u1ecbu l\u1ef1c t\u1ed1t, tu\u1ed5i th\u1ecd cao,\u00a0 c\u1ef1c k\u1ef3 ph\u00f9 h\u1ee3p v\u1edbi m\u00f4i tr\u01b0\u1eddng thi c\u00f4ng v\u1edbi c\u01b0\u1eddng \u0111\u1ed9 l\u00e0m vi\u1ec7c cao li\u00ean t\u1ee5c. C\u00e1c \u0111\u1ea7u n\u1ed1i gi\u1eefa tay g\u1ea7u v\u00e0 g\u1ea7u \u0111\u01b0\u1ee3c b\u1ecbt k\u00edn ch\u1ed1ng b\u1ee5i b\u1ea9n, k\u00e9o d\u00e0i tu\u1ed5i th\u1ecd c\u1ee7a c\u00e1c lo\u1ea1i b\u1ea1c l\u00f3t, gi\u1ea3m thi\u1ec3u chi ph\u00ed b\u1ea3o d\u01b0\u1ee1ng. B\u1ea1c n\u1ed1i th\u00e2n tr\u00ean d\u01b0\u1edbi ch\u00ednh v\u00e0 c\u1ef1 ly c\u1ee7a khung g\u1ea7m tr\u01b0\u1edbc sau \u0111\u01b0\u1ee3c gia c\u01b0\u1eddng v\u00e0 n\u1edbi r\u1ed9ng, c\u00f3 hi\u1ec7u qu\u1ea3 trong vi\u1ec7c ph\u00e2n t\u00e1n ph\u1ee5 t\u1ea3i xu\u1ed1ng ph\u00eda d\u01b0\u1edbi. Kh\u00f4ng gian s\u1eeda ch\u1eefa b\u1ea3o d\u01b0\u1ee1ng c\u0169ng \u0111\u01b0\u1ee3c n\u1edbi r\u1ed9ng gi\u00fap cho vi\u1ec7c s\u1eeda ch\u1eefa b\u1ea3o d\u01b0\u1ee1ng ph\u1ea7n n\u1ed1i th\u00e2n thu\u1eadn ti\u1ec7n h\u01a1n.<\/span><\/p>\n<p><img decoding=\"async\" loading=\"lazy\" class=\"aligncenter wp-image-61 size-full\" src=\"http:\/\/mauweb.monamedia.net\/haiau\/wp-content\/uploads\/2017\/11\/7.ZL40B-Tier-II-Shangchai-2.jpg\" alt=\"\" width=\"2286\" height=\"766\" srcset=\"https:\/\/mauweb.monamedia.net\/haiau\/wp-content\/uploads\/2017\/11\/7.ZL40B-Tier-II-Shangchai-2.jpg 2286w, https:\/\/mauweb.monamedia.net\/haiau\/wp-content\/uploads\/2017\/11\/7.ZL40B-Tier-II-Shangchai-2-300x101.jpg 300w, https:\/\/mauweb.monamedia.net\/haiau\/wp-content\/uploads\/2017\/11\/7.ZL40B-Tier-II-Shangchai-2-768x257.jpg 768w, https:\/\/mauweb.monamedia.net\/haiau\/wp-content\/uploads\/2017\/11\/7.ZL40B-Tier-II-Shangchai-2-1024x343.jpg 1024w, https:\/\/mauweb.monamedia.net\/haiau\/wp-content\/uploads\/2017\/11\/7.ZL40B-Tier-II-Shangchai-2-24x8.jpg 24w, https:\/\/mauweb.monamedia.net\/haiau\/wp-content\/uploads\/2017\/11\/7.ZL40B-Tier-II-Shangchai-2-36x12.jpg 36w, https:\/\/mauweb.monamedia.net\/haiau\/wp-content\/uploads\/2017\/11\/7.ZL40B-Tier-II-Shangchai-2-48x16.jpg 48w\" sizes=\"(max-width: 2286px) 100vw, 2286px\" \/><\/p>\n","protected":false},"excerpt":{"rendered":"<table width=\"0\">\n<tbody>\n<tr>\n<td width=\"205\"><strong>M\u00d4 T\u1ea2<\/strong><\/td>\n<td width=\"138\"><strong>\u0110\u01a0N V\u1eca<\/strong><\/td>\n<td width=\"276\"><strong>ZL40B<\/strong><\/td>\n<\/tr>\n<tr>\n<td width=\"205\">T\u1ef1 tr\u1ecdng<\/td>\n<td width=\"138\">Kg<\/td>\n<td width=\"276\">13800<\/td>\n<\/tr>\n<tr>\n<td width=\"205\">Dung t\u00edch g\u1ea7u ti\u00eau chu\u1ea9n<\/td>\n<td width=\"138\">m\u00b3<\/td>\n<td width=\"276\">2.2<\/td>\n<\/tr>\n<tr>\n<td width=\"205\">T\u1ea3i tr\u1ecdng n\u00e2ng<\/td>\n<td width=\"138\">Kg<\/td>\n<td width=\"276\">4000<\/td>\n<\/tr>\n<tr>\n<td width=\"205\">L\u1ef1c k\u00e9o<\/td>\n<td width=\"138\">KN<\/td>\n<td width=\"276\">110<\/td>\n<\/tr>\n<tr>\n<td width=\"205\">\u0110\u1ed9 r\u1ed9ng g\u1ea7u x\u00fac<\/td>\n<td width=\"138\">mm<\/td>\n<td width=\"276\">2706<\/td>\n<\/tr>\n<tr>\n<td width=\"205\">K\u00edch th\u01b0\u1edbc<\/td>\n<td width=\"138\"><\/td>\n<td width=\"276\"><\/td>\n<\/tr>\n<tr>\n<td width=\"205\">Chi\u1ec1u cao \u0111\u1ed5 v\u1eadt li\u1ec7u l\u1edbn nh\u1ea5t<\/td>\n<td width=\"138\">mm<\/td>\n<td width=\"276\">2800<\/td>\n<\/tr>\n<tr>\n<td width=\"205\">C\u1ef1 ly x\u1ea3 t\u1ea3i<\/td>\n<td width=\"138\">mm<\/td>\n<td width=\"276\">1000<\/td>\n<\/tr>\n<tr>\n<td width=\"205\">Kho\u1ea3ng c\u00e1ch tr\u1ee5c<\/td>\n<td width=\"138\">mm<\/td>\n<td width=\"276\">2750<\/td>\n<\/tr>\n<tr>\n<td width=\"205\">KT t\u1ed5ng th\u1ec3 (DxRxC)<\/td>\n<td width=\"138\">mm<\/td>\n<td width=\"276\">7034x2706x3337<\/td>\n<\/tr>\n<tr>\n<td width=\"205\">H\u1ed9p s\u1ed1<\/td>\n<td width=\"138\"><\/td>\n<td width=\"276\">Th\u1ee7y l\u1ef1c<\/td>\n<\/tr>\n<tr>\n<td width=\"205\">T\u1ed1c \u0111\u1ed9<\/td>\n<td width=\"138\"><\/td>\n<td width=\"276\">2 s\u1ed1 ti\u1ebfn\/1 s\u1ed1 l\u00f9i<\/td>\n<\/tr>\n<tr>\n<td width=\"205\">T\u1ed1c \u0111\u1ed9 ti\u1ebfn l\u1edbn nh\u1ea5t<\/td>\n<td width=\"138\">Km\/h<\/td>\n<td width=\"276\">0-35<\/td>\n<\/tr>\n<tr>\n<td width=\"205\">T\u1ed1c \u0111\u1ed9 l\u00f9i l\u1edbn nh\u1ea5t<\/td>\n<td width=\"138\">Km\/h<\/td>\n<td width=\"276\">0-14<\/td>\n<\/tr>\n<tr>\n<td width=\"205\">T\u1ed5ng th\u1eddi gian m\u1ed9t chu tr\u00ecnh<\/td>\n<td width=\"138\">s<\/td>\n<td width=\"276\">11.6<\/td>\n<\/tr>\n<tr>\n<td width=\"205\">\u0110\u1ed9ng c\u01a1 *<\/td>\n<td colspan=\"2\" width=\"414\">\u0110\u1ed9ng c\u01a1 Diesel 4 th\u00ec l\u00e0m m\u00e1t b\u1eb1ng n\u01b0\u1edbc, 6 xi lanh th\u1eb3ng h\u00e0ng, c\u00f3 Turbo t\u0103ng \u00e1p<\/td>\n<\/tr>\n<tr>\n<td width=\"205\">Model<\/td>\n<td width=\"138\"><\/td>\n<td width=\"276\">SHANGCHAI<\/td>\n<\/tr>\n<tr>\n<td width=\"205\">C\u00f4ng su\u1ea5t\/ v\u00f2ng quay<\/td>\n<td width=\"138\">Kw\/rpm<\/td>\n<td width=\"276\">125\/2200<\/td>\n<\/tr>\n<tr>\n<td width=\"205\">Dung t\u00edch xi lanh<\/td>\n<td width=\"138\">L<\/td>\n<td width=\"276\">8.27<\/td>\n<\/tr>\n<tr>\n<td width=\"205\">Moment xo\u1eafn l\u1edbn nh\u1ea5t<\/td>\n<td width=\"138\">N.m\/rpm<\/td>\n<td width=\"276\">650\/1350<\/td>\n<\/tr>\n<tr>\n<td width=\"205\">Quy c\u00e1ch l\u1ed1p<\/td>\n<td width=\"138\"><\/td>\n<td width=\"276\">20.5-25<\/td>\n<\/tr>\n<tr>\n<td width=\"205\">Cabin<\/td>\n<td width=\"138\"><\/td>\n<td width=\"276\"><\/td>\n<\/tr>\n<\/tbody>\n<\/table>\n","protected":false},"featured_media":60,"comment_status":"open","ping_status":"closed","template":"","meta":[],"_links":{"self":[{"href":"https:\/\/mauweb.monamedia.net\/haiau\/wp-json\/wp\/v2\/product\/55"}],"collection":[{"href":"https:\/\/mauweb.monamedia.net\/haiau\/wp-json\/wp\/v2\/product"}],"about":[{"href":"https:\/\/mauweb.monamedia.net\/haiau\/wp-json\/wp\/v2\/types\/product"}],"replies":[{"embeddable":true,"href":"https:\/\/mauweb.monamedia.net\/haiau\/wp-json\/wp\/v2\/comments?post=55"}],"wp:featuredmedia":[{"embeddable":true,"href":"https:\/\/mauweb.monamedia.net\/haiau\/wp-json\/wp\/v2\/media\/60"}],"wp:attachment":[{"href":"https:\/\/mauweb.monamedia.net\/haiau\/wp-json\/wp\/v2\/media?parent=55"}],"curies":[{"name":"wp","href":"https:\/\/api.w.org\/{rel}","templated":true}]}}