{"id":47,"date":"2017-11-02T07:06:50","date_gmt":"2017-11-02T07:06:50","guid":{"rendered":"http:\/\/mauweb.monamedia.net\/haiau\/?post_type=product&#038;p=47"},"modified":"2017-11-24T15:13:25","modified_gmt":"2017-11-24T15:13:25","slug":"clg836","status":"publish","type":"product","link":"https:\/\/mauweb.monamedia.net\/haiau\/san-pham\/clg836\/","title":{"rendered":"M\u00e1y x\u00fac l\u1eadt LiuGong CLG836 g\u1ea7u 1.7 m\u00b3"},"content":{"rendered":"<p><strong>Gi\u1edbi thi\u1ec7u v\u1ec1 m\u00e1y x\u00fac l\u1eadt CLG836<\/strong><\/p>\n<p>C\u00f4ng ty MXD H\u1ea3i \u00c2u xin gi\u1edbi thi\u1ec7u \u0111\u1ebfn Qu\u00fd Kh\u00e1ch s\u1ea3n ph\u1ea9m xe x\u00fac l\u1eadt Liugong CLG836 \u0111\u01b0\u1ee3c c\u00f4ng ty ch\u00fang t\u00f4i ph\u00e2n ph\u1ed1i \u0111\u1ed9c quy\u1ec1n t\u1ea1i Vi\u1ec7t Nam v\u1edbi ch\u1ea5t l\u01b0\u1ee3ng xu\u1ea5t kh\u1ea9u to\u00e0n c\u1ea7u.<\/p>\n<p>V\u1edbi t\u1ea3i tr\u1ecdng n\u00e2ng n\u00ean \u0111\u1ebfn 3 t\u1ea5n c\u00f9ng v\u1edbi th\u1ec3 t\u00edch g\u1ea7u 1,7 m<sup>3<\/sup>, m\u00e1y x\u00fac l\u1eadt LiuGong CLG836 l\u00e0 model chuy\u00ean d\u1ee5ng cho c\u00e1c c\u00f4ng t\u00e1c x\u00fac c\u00e1t, \u0111\u00e1 trong c\u00e1c m\u1ecf \u0111\u00e1, tr\u1ea1m tr\u1ed9n, b\u1ebfn v\u1eadt li\u1ec7u x\u00e2y d\u1ef1ng ho\u1eb7c x\u00fac g\u1eafp g\u1ed7 l\u00e0m d\u0103m. S\u1ea3n ph\u1ea9m \u0111\u00e3 \u0111\u01b0\u1ee3c tin d\u00f9ng trong r\u1ea5t nhi\u1ec1u \u0111\u01a1n v\u1ecb t\u1ea1i Vi\u1ec7t Nam. M\u00e1y c\u00f3 2 t\u1ef1 ch\u1ecdn tay chang c\u01a1 kh\u00ed ho\u1eb7c th\u1ee7y l\u1ef1c.<\/p>\n<p>Cung c\u1ea5p s\u1ee9c m\u1ea1nh cho xe l\u00e0 kh\u1ed1i \u0111\u1ed9ng c\u01a1 d\u1ea7u c\u00f3 c\u00f4ng su\u1ea5t t\u1ed1i \u0111a 92kw t\u01b0\u01a1ng \u0111\u01b0\u01a1ng 123hp. \u0110\u1ed9ng c\u01a1 WEICHAI \u2013 DUETZ II lo\u1ea1i 6 m\u00e1y c\u00f3 Turbo t\u0103ng \u00e1p, v\u1edbi moment xo\u1eafn \u0111\u1ea1t 500N.m c\u00f9ng v\u1edbi l\u1ef1c k\u00e9o 100 Kn gi\u00fap m\u00e1y l\u00e0m vi\u1ec7c \u1ed5n \u0111\u1ecbnh v\u1edbi hi\u1ec7u su\u1ea5t c\u00f4ng vi\u1ec7c cao.<\/p>\n<p><img decoding=\"async\" loading=\"lazy\" class=\"aligncenter wp-image-49 size-full\" src=\"http:\/\/mauweb.monamedia.net\/haiau\/wp-content\/uploads\/2017\/11\/CLG836-5.jpg\" alt=\"\" width=\"1071\" height=\"336\" srcset=\"https:\/\/mauweb.monamedia.net\/haiau\/wp-content\/uploads\/2017\/11\/CLG836-5.jpg 1071w, https:\/\/mauweb.monamedia.net\/haiau\/wp-content\/uploads\/2017\/11\/CLG836-5-300x94.jpg 300w, https:\/\/mauweb.monamedia.net\/haiau\/wp-content\/uploads\/2017\/11\/CLG836-5-768x241.jpg 768w, https:\/\/mauweb.monamedia.net\/haiau\/wp-content\/uploads\/2017\/11\/CLG836-5-1024x321.jpg 1024w, https:\/\/mauweb.monamedia.net\/haiau\/wp-content\/uploads\/2017\/11\/CLG836-5-24x8.jpg 24w, https:\/\/mauweb.monamedia.net\/haiau\/wp-content\/uploads\/2017\/11\/CLG836-5-36x11.jpg 36w, https:\/\/mauweb.monamedia.net\/haiau\/wp-content\/uploads\/2017\/11\/CLG836-5-48x15.jpg 48w\" sizes=\"(max-width: 1071px) 100vw, 1071px\" \/><\/p>\n","protected":false},"excerpt":{"rendered":"<table width=\"0\">\n<tbody>\n<tr>\n<td width=\"211\">M\u00d4 T\u1ea2<\/td>\n<td width=\"192\">\u0110\u01a0N V\u1eca<\/td>\n<td width=\"222\">CLG836<\/td>\n<\/tr>\n<tr>\n<td width=\"211\">T\u1ef1 tr\u1ecdng<\/td>\n<td width=\"192\">Kg<\/td>\n<td width=\"222\">10300<\/td>\n<\/tr>\n<tr>\n<td width=\"211\">Dung t\u00edch g\u1ea7u ti\u00eau chu\u1ea9n<\/td>\n<td width=\"192\">m\u00b3<\/td>\n<td width=\"222\">1,7<\/td>\n<\/tr>\n<tr>\n<td width=\"211\">T\u1ea3i tr\u1ecdng n\u00e2ng<\/td>\n<td width=\"192\">Kg<\/td>\n<td width=\"222\">3000<\/td>\n<\/tr>\n<tr>\n<td width=\"211\">K\u00edchth\u01b0\u1edbc<\/td>\n<td width=\"192\"><\/td>\n<td width=\"222\"><\/td>\n<\/tr>\n<tr>\n<td width=\"211\">Chi\u1ec1u cao \u0111\u1ed5 v\u1eadt li\u1ec7u l\u1edbn nh\u1ea5t<\/td>\n<td width=\"192\">mm<\/td>\n<td width=\"222\">2910<\/td>\n<\/tr>\n<tr>\n<td width=\"211\">C\u1ef1 ly x\u1ea3 t\u1ea3i<\/td>\n<td width=\"192\">mm<\/td>\n<td width=\"222\">1072<\/td>\n<\/tr>\n<tr>\n<td width=\"211\">Kho\u1ea3ng c\u00e1ch tr\u1ee5c<\/td>\n<td width=\"192\">mm<\/td>\n<td width=\"222\">2870<\/td>\n<\/tr>\n<tr>\n<td width=\"211\">KT t\u1ed5ngth\u1ec3<br \/>\n(DxRxC)<\/td>\n<td width=\"192\">mm<\/td>\n<td width=\"222\">6880x2480x3297<\/td>\n<\/tr>\n<tr>\n<td width=\"211\">H\u1ed9ps\u1ed1<\/td>\n<td width=\"192\"><\/td>\n<td width=\"222\">Th\u1ee7yl\u1ef1c<\/td>\n<\/tr>\n<tr>\n<td width=\"211\">T\u1ed1c\u0111\u1ed9<\/td>\n<td width=\"192\"><\/td>\n<td width=\"222\">2 s\u1ed1ti\u1ebfn\/1 s\u1ed1l\u00f9i<\/td>\n<\/tr>\n<tr>\n<td width=\"211\">T\u1ed1c \u0111\u1ed9 ti\u1ebfn l\u1edbn nh\u1ea5t<\/td>\n<td width=\"192\">Km\/h<\/td>\n<td width=\"222\">35<\/td>\n<\/tr>\n<tr>\n<td width=\"211\">T\u1ed1c \u0111\u1ed9 l\u00f9i l\u1edbn nh\u1ea5t<\/td>\n<td width=\"192\">Km\/h<\/td>\n<td width=\"222\">14,5<\/td>\n<\/tr>\n<tr>\n<td width=\"211\">T\u1ed5ng th\u1eddi gian m\u1ed9t chu tr\u00ecnh<\/td>\n<td width=\"192\">s<\/td>\n<td width=\"222\">8,4<\/td>\n<\/tr>\n<tr>\n<td width=\"211\">\u0110\u1ed9ngc\u01a1 *<\/td>\n<td colspan=\"2\" width=\"414\">\u0110\u1ed9ng c\u01a1 Diesel 6 xi lanh th\u1eb3ng h\u00e0ng, c\u00f3 Turbo t\u0103ng \u00e1p<\/p>\n<p>&nbsp;<\/td>\n<\/tr>\n<tr>\n<td width=\"211\">Model<\/td>\n<td width=\"192\"><\/td>\n<td width=\"222\">WEICHAI \u2013 DEUTZ II<\/td>\n<\/tr>\n<tr>\n<td width=\"211\">C\u00f4ng su\u1ea5t\/ v\u00f2ng quay<\/td>\n<td width=\"192\">Kw\/rpm<\/td>\n<td width=\"222\">92\/2200<\/td>\n<\/tr>\n<tr>\n<td width=\"211\">Dung t\u00edch xi lanh<\/td>\n<td width=\"192\">L<\/td>\n<td width=\"222\">6.9<\/td>\n<\/tr>\n<tr>\n<td width=\"211\">Moment xo\u1eafnl\u1edbnnh\u1ea5t<\/td>\n<td width=\"192\">N.m\/rpm<\/td>\n<td width=\"222\">900\/1400<\/td>\n<\/tr>\n<tr>\n<td width=\"211\">Quy c\u00e1chl\u1ed1p<\/td>\n<td width=\"192\"><\/td>\n<td width=\"222\">17.5-25<\/td>\n<\/tr>\n<\/tbody>\n<\/table>\n<p>&nbsp;<\/p>\n","protected":false},"featured_media":474,"comment_status":"open","ping_status":"closed","template":"","meta":[],"_links":{"self":[{"href":"https:\/\/mauweb.monamedia.net\/haiau\/wp-json\/wp\/v2\/product\/47"}],"collection":[{"href":"https:\/\/mauweb.monamedia.net\/haiau\/wp-json\/wp\/v2\/product"}],"about":[{"href":"https:\/\/mauweb.monamedia.net\/haiau\/wp-json\/wp\/v2\/types\/product"}],"replies":[{"embeddable":true,"href":"https:\/\/mauweb.monamedia.net\/haiau\/wp-json\/wp\/v2\/comments?post=47"}],"wp:featuredmedia":[{"embeddable":true,"href":"https:\/\/mauweb.monamedia.net\/haiau\/wp-json\/wp\/v2\/media\/474"}],"wp:attachment":[{"href":"https:\/\/mauweb.monamedia.net\/haiau\/wp-json\/wp\/v2\/media?parent=47"}],"curies":[{"name":"wp","href":"https:\/\/api.w.org\/{rel}","templated":true}]}}