{"id":273,"date":"2017-11-03T09:11:12","date_gmt":"2017-11-03T09:11:12","guid":{"rendered":"http:\/\/mauweb.monamedia.net\/haiau\/?post_type=product&#038;p=273"},"modified":"2017-11-03T09:14:17","modified_gmt":"2017-11-03T09:14:17","slug":"banh-rang-lai-bien-mo","status":"publish","type":"product","link":"https:\/\/mauweb.monamedia.net\/haiau\/san-pham\/banh-rang-lai-bien-mo\/","title":{"rendered":"B\u00e1nh r\u0103ng lai bi\u1ebfn m\u00f4"},"content":{"rendered":"","protected":false},"excerpt":{"rendered":"<p>Ph\u1ee5 t\u00f9ng B\u00e1nh r\u0103ng lai bi\u1ebfn m\u00f4\u00a0c\u1ee7a M\u00e1y x\u00e2y d\u1ef1ng<\/p>\n","protected":false},"featured_media":274,"comment_status":"open","ping_status":"closed","template":"","meta":[],"_links":{"self":[{"href":"https:\/\/mauweb.monamedia.net\/haiau\/wp-json\/wp\/v2\/product\/273"}],"collection":[{"href":"https:\/\/mauweb.monamedia.net\/haiau\/wp-json\/wp\/v2\/product"}],"about":[{"href":"https:\/\/mauweb.monamedia.net\/haiau\/wp-json\/wp\/v2\/types\/product"}],"replies":[{"embeddable":true,"href":"https:\/\/mauweb.monamedia.net\/haiau\/wp-json\/wp\/v2\/comments?post=273"}],"wp:featuredmedia":[{"embeddable":true,"href":"https:\/\/mauweb.monamedia.net\/haiau\/wp-json\/wp\/v2\/media\/274"}],"wp:attachment":[{"href":"https:\/\/mauweb.monamedia.net\/haiau\/wp-json\/wp\/v2\/media?parent=273"}],"curies":[{"name":"wp","href":"https:\/\/api.w.org\/{rel}","templated":true}]}}