{"id":758,"date":"2018-01-12T04:50:19","date_gmt":"2018-01-12T04:50:19","guid":{"rendered":"http:\/\/mauweb.monamedia.net\/haiau\/?page_id=758"},"modified":"2018-03-28T03:19:56","modified_gmt":"2018-03-28T03:19:56","slug":"dich-vu-2","status":"publish","type":"page","link":"https:\/\/mauweb.monamedia.net\/haiau\/dich-vu-2\/","title":{"rendered":"D\u1ecbch v\u1ee5"},"content":{"rendered":"\t<section class=\"section\" id=\"section_631867143\">\n\t\t<div class=\"bg section-bg fill bg-fill  bg-loaded\" >\n\n\t\t\t\n\t\t\t\n\t\t\t\n\n\t\t<\/div><!-- .section-bg -->\n\n\t\t<div class=\"section-content relative\">\n\t\t\t\n<div class=\"gap-element\" style=\"display:block; height:auto; padding-top:60px\" class=\"clearfix\"><\/div>\n<div class=\"row row-collapse\"  id=\"row-13800724\">\n<div class=\"col small-12 large-12\"  ><div class=\"col-inner text-center\"  >\n<h2>D\u1ecbch v\u1ee5<\/h2>\n<\/div><\/div>\n\n<style scope=\"scope\">\n\n<\/style>\n<\/div>\n\t\t<\/div><!-- .section-content -->\n\n\t\t\n<style scope=\"scope\">\n\n#section_631867143 {\n  padding-top: 0px;\n  padding-bottom: 0px;\n}\n<\/style>\n\t<\/section>\n\t\n\t<section class=\"section\" id=\"section_347979234\">\n\t\t<div class=\"bg section-bg fill bg-fill  bg-loaded\" >\n\n\t\t\t\n\t\t\t\n\t\t\t\n\n\t\t<\/div><!-- .section-bg -->\n\n\t\t<div class=\"section-content relative\">\n\t\t\t\n<div class=\"row row-small\"  id=\"row-275677791\">\n<div class=\"col medium-9 small-12 large-9\"  ><div class=\"col-inner\"  >\n\n  \n    <div class=\"row large-columns-3 medium-columns-1 small-columns-1 row-small has-shadow row-box-shadow-1 row-box-shadow-2-hover\">\n  \t\t<div class=\"col post-item\" >\n\t\t\t<div class=\"col-inner\">\n\t\t\t<a href=\"https:\/\/mauweb.monamedia.net\/haiau\/dich-vu-uu-dai-danh-cho-cac-dong-may-xuc-lat-liugong-may-xuc-lat-nho-tai-hai-au\/\" class=\"plain\">\n\t\t\t\t<div class=\"box box-normal box-text-bottom box-blog-post has-hover\">\n            \t\t\t\t\t<div class=\"box-image\" >\n  \t\t\t\t\t\t<div class=\"image-cover\" style=\"padding-top:56.25%;\">\n  \t\t\t\t\t\t\t<img width=\"300\" height=\"225\" src=\"https:\/\/mauweb.monamedia.net\/haiau\/wp-content\/uploads\/2017\/11\/uu-dai-300x225.jpg\" class=\"attachment-medium size-medium wp-post-image\" alt=\"\" decoding=\"async\" srcset=\"https:\/\/mauweb.monamedia.net\/haiau\/wp-content\/uploads\/2017\/11\/uu-dai-300x225.jpg 300w, https:\/\/mauweb.monamedia.net\/haiau\/wp-content\/uploads\/2017\/11\/uu-dai-768x576.jpg 768w, https:\/\/mauweb.monamedia.net\/haiau\/wp-content\/uploads\/2017\/11\/uu-dai.jpg 1024w, https:\/\/mauweb.monamedia.net\/haiau\/wp-content\/uploads\/2017\/11\/uu-dai-24x18.jpg 24w, https:\/\/mauweb.monamedia.net\/haiau\/wp-content\/uploads\/2017\/11\/uu-dai-36x27.jpg 36w, https:\/\/mauweb.monamedia.net\/haiau\/wp-content\/uploads\/2017\/11\/uu-dai-48x36.jpg 48w\" sizes=\"(max-width: 300px) 100vw, 300px\" \/>  \t\t\t\t\t\t\t  \t\t\t\t\t\t\t  \t\t\t\t\t\t<\/div>\n  \t\t\t\t\t\t  \t\t\t\t\t<\/div><!-- .box-image -->\n          \t\t\t\t\t<div class=\"box-text text-left\" >\n\t\t\t\t\t<div class=\"box-text-inner blog-post-inner\">\n\n\t\t\t\t\t\n\t\t\t\t\t\t\t\t\t\t<h5 class=\"post-title is-large \">D\u1ecbch v\u1ee5 \u01b0u \u0111\u00e3i d\u00e0nh cho c\u00e1c d\u00f2ng m\u00e1y x\u00fac l\u1eadt Liugong, m\u00e1y x\u00fac l\u1eadt nh\u1ecf t\u1ea1i H\u1ea3i \u00c2u<\/h5>\n\t\t\t\t\t\t\t\t\t\t<div class=\"is-divider\"><\/div>\n\t\t\t\t\t\t\t\t\t\t<p class=\"from_the_blog_excerpt \">X\u00fac l\u1eadt Liugong l\u00e0 m\u1ed9t trong nh\u1eefng th\u01b0\u01a1ng hi\u1ec7u v\u1ec1 d\u00f2ng m\u00e1y x\u00fac l\u1eadt ch\u00ednh[...]\t\t\t\t\t<\/p>\n\t\t\t\t\t                    \n\t\t\t\t\t\n\t\t\t\t\t\n\t\t\t\t\t<\/div><!-- .box-text-inner -->\n\t\t\t\t\t<\/div><!-- .box-text -->\n\t\t\t\t\t\t\t\t\t\t\t\t\t\t\t\t<div class=\"badge absolute top post-date badge-circle\">\n\t\t\t\t\t\t\t<div class=\"badge-inner\">\n\t\t\t\t\t\t\t\t<span class=\"post-date-day\">30<\/span><br>\n\t\t\t\t\t\t\t\t<span class=\"post-date-month is-xsmall\">Th11<\/span>\n\t\t\t\t\t\t\t<\/div>\n\t\t\t\t\t\t<\/div>\n\t\t\t\t\t\t\t\t\t<\/div><!-- .box -->\n\t\t\t\t<\/a><!-- .link -->\n\t\t\t<\/div><!-- .col-inner -->\n\t\t<\/div><!-- .col -->\n\t\t<div class=\"col post-item\" >\n\t\t\t<div class=\"col-inner\">\n\t\t\t<a href=\"https:\/\/mauweb.monamedia.net\/haiau\/dich-vu-cung-cap-phu-tung-chinh-hang-xuc-lat-liugong\/\" class=\"plain\">\n\t\t\t\t<div class=\"box box-normal box-text-bottom box-blog-post has-hover\">\n            \t\t\t\t\t<div class=\"box-image\" >\n  \t\t\t\t\t\t<div class=\"image-cover\" style=\"padding-top:56.25%;\">\n  \t\t\t\t\t\t\t<img width=\"300\" height=\"225\" src=\"https:\/\/mauweb.monamedia.net\/haiau\/wp-content\/uploads\/2017\/11\/phu-tung-300x225.jpg\" class=\"attachment-medium size-medium wp-post-image\" alt=\"\" decoding=\"async\" srcset=\"https:\/\/mauweb.monamedia.net\/haiau\/wp-content\/uploads\/2017\/11\/phu-tung-300x225.jpg 300w, https:\/\/mauweb.monamedia.net\/haiau\/wp-content\/uploads\/2017\/11\/phu-tung-768x576.jpg 768w, https:\/\/mauweb.monamedia.net\/haiau\/wp-content\/uploads\/2017\/11\/phu-tung-1024x768.jpg 1024w, https:\/\/mauweb.monamedia.net\/haiau\/wp-content\/uploads\/2017\/11\/phu-tung-24x18.jpg 24w, https:\/\/mauweb.monamedia.net\/haiau\/wp-content\/uploads\/2017\/11\/phu-tung-36x27.jpg 36w, https:\/\/mauweb.monamedia.net\/haiau\/wp-content\/uploads\/2017\/11\/phu-tung-48x36.jpg 48w\" sizes=\"(max-width: 300px) 100vw, 300px\" \/>  \t\t\t\t\t\t\t  \t\t\t\t\t\t\t  \t\t\t\t\t\t<\/div>\n  \t\t\t\t\t\t  \t\t\t\t\t<\/div><!-- .box-image -->\n          \t\t\t\t\t<div class=\"box-text text-left\" >\n\t\t\t\t\t<div class=\"box-text-inner blog-post-inner\">\n\n\t\t\t\t\t\n\t\t\t\t\t\t\t\t\t\t<h5 class=\"post-title is-large \">D\u1ecbch v\u1ee5 cung c\u1ea5p ph\u1ee5 t\u00f9ng ch\u00ednh h\u00e3ng x\u00fac l\u1eadt Liugong<\/h5>\n\t\t\t\t\t\t\t\t\t\t<div class=\"is-divider\"><\/div>\n\t\t\t\t\t\t\t\t\t\t<p class=\"from_the_blog_excerpt \">Hi\u1ec7n t\u1ea1i, H\u1ea3i \u00c2u l\u00e0 nh\u00e0 ph\u00e2n ph\u1ed1i ch\u00ednh c\u00e1c d\u00f2ng m\u00e1y x\u00fac l\u1eadt Liugong.[...]\t\t\t\t\t<\/p>\n\t\t\t\t\t                    \n\t\t\t\t\t\n\t\t\t\t\t\n\t\t\t\t\t<\/div><!-- .box-text-inner -->\n\t\t\t\t\t<\/div><!-- .box-text -->\n\t\t\t\t\t\t\t\t\t\t\t\t\t\t\t\t<div class=\"badge absolute top post-date badge-circle\">\n\t\t\t\t\t\t\t<div class=\"badge-inner\">\n\t\t\t\t\t\t\t\t<span class=\"post-date-day\">30<\/span><br>\n\t\t\t\t\t\t\t\t<span class=\"post-date-month is-xsmall\">Th11<\/span>\n\t\t\t\t\t\t\t<\/div>\n\t\t\t\t\t\t<\/div>\n\t\t\t\t\t\t\t\t\t<\/div><!-- .box -->\n\t\t\t\t<\/a><!-- .link -->\n\t\t\t<\/div><!-- .col-inner -->\n\t\t<\/div><!-- .col -->\n\t\t<div class=\"col post-item\" >\n\t\t\t<div class=\"col-inner\">\n\t\t\t<a href=\"https:\/\/mauweb.monamedia.net\/haiau\/dich-vu-bao-hanh-bao-duong-dong-xe-xuc-lat-liugong\/\" class=\"plain\">\n\t\t\t\t<div class=\"box box-normal box-text-bottom box-blog-post has-hover\">\n            \t\t\t\t\t<div class=\"box-image\" >\n  \t\t\t\t\t\t<div class=\"image-cover\" style=\"padding-top:56.25%;\">\n  \t\t\t\t\t\t\t<img width=\"300\" height=\"225\" src=\"https:\/\/mauweb.monamedia.net\/haiau\/wp-content\/uploads\/2017\/11\/bao-hanh-300x225.jpg\" class=\"attachment-medium size-medium wp-post-image\" alt=\"\" decoding=\"async\" srcset=\"https:\/\/mauweb.monamedia.net\/haiau\/wp-content\/uploads\/2017\/11\/bao-hanh-300x225.jpg 300w, https:\/\/mauweb.monamedia.net\/haiau\/wp-content\/uploads\/2017\/11\/bao-hanh-768x576.jpg 768w, https:\/\/mauweb.monamedia.net\/haiau\/wp-content\/uploads\/2017\/11\/bao-hanh-1024x768.jpg 1024w, https:\/\/mauweb.monamedia.net\/haiau\/wp-content\/uploads\/2017\/11\/bao-hanh-24x18.jpg 24w, https:\/\/mauweb.monamedia.net\/haiau\/wp-content\/uploads\/2017\/11\/bao-hanh-36x27.jpg 36w, https:\/\/mauweb.monamedia.net\/haiau\/wp-content\/uploads\/2017\/11\/bao-hanh-48x36.jpg 48w, https:\/\/mauweb.monamedia.net\/haiau\/wp-content\/uploads\/2017\/11\/bao-hanh.jpg 1500w\" sizes=\"(max-width: 300px) 100vw, 300px\" \/>  \t\t\t\t\t\t\t  \t\t\t\t\t\t\t  \t\t\t\t\t\t<\/div>\n  \t\t\t\t\t\t  \t\t\t\t\t<\/div><!-- .box-image -->\n          \t\t\t\t\t<div class=\"box-text text-left\" >\n\t\t\t\t\t<div class=\"box-text-inner blog-post-inner\">\n\n\t\t\t\t\t\n\t\t\t\t\t\t\t\t\t\t<h5 class=\"post-title is-large \">D\u1ecbch v\u1ee5 b\u1ea3o h\u00e0nh, b\u1ea3o d\u01b0\u1ee1ng d\u00f2ng xe x\u00fac l\u1eadt LiuGong<\/h5>\n\t\t\t\t\t\t\t\t\t\t<div class=\"is-divider\"><\/div>\n\t\t\t\t\t\t\t\t\t\t<p class=\"from_the_blog_excerpt \">M\u00e1y x\u00fac l\u1eadt l\u00e0 m\u1ed9t d\u00f2ng m\u00e1y \u0111\u01b0\u1ee3c d\u00f9ng nhi\u1ec1u t\u1ea1i c\u00e1c c\u00f4ng tr\u01b0\u1eddng \u0111ang[...]\t\t\t\t\t<\/p>\n\t\t\t\t\t                    \n\t\t\t\t\t\n\t\t\t\t\t\n\t\t\t\t\t<\/div><!-- .box-text-inner -->\n\t\t\t\t\t<\/div><!-- .box-text -->\n\t\t\t\t\t\t\t\t\t\t\t\t\t\t\t\t<div class=\"badge absolute top post-date badge-circle\">\n\t\t\t\t\t\t\t<div class=\"badge-inner\">\n\t\t\t\t\t\t\t\t<span class=\"post-date-day\">30<\/span><br>\n\t\t\t\t\t\t\t\t<span class=\"post-date-month is-xsmall\">Th11<\/span>\n\t\t\t\t\t\t\t<\/div>\n\t\t\t\t\t\t<\/div>\n\t\t\t\t\t\t\t\t\t<\/div><!-- .box -->\n\t\t\t\t<\/a><!-- .link -->\n\t\t\t<\/div><!-- .col-inner -->\n\t\t<\/div><!-- .col -->\n\t\t<div class=\"col post-item\" >\n\t\t\t<div class=\"col-inner\">\n\t\t\t<a href=\"https:\/\/mauweb.monamedia.net\/haiau\/dich-vu-bao-duong-xe-cong-trinh-may-xuc-lat-liugong\/\" class=\"plain\">\n\t\t\t\t<div class=\"box box-normal box-text-bottom box-blog-post has-hover\">\n            \t\t\t\t\t<div class=\"box-image\" >\n  \t\t\t\t\t\t<div class=\"image-cover\" style=\"padding-top:56.25%;\">\n  \t\t\t\t\t\t\t<img width=\"300\" height=\"169\" src=\"https:\/\/mauweb.monamedia.net\/haiau\/wp-content\/uploads\/2017\/11\/bao-duong-300x169.jpg\" class=\"attachment-medium size-medium wp-post-image\" alt=\"\" decoding=\"async\" srcset=\"https:\/\/mauweb.monamedia.net\/haiau\/wp-content\/uploads\/2017\/11\/bao-duong-300x169.jpg 300w, https:\/\/mauweb.monamedia.net\/haiau\/wp-content\/uploads\/2017\/11\/bao-duong-768x432.jpg 768w, https:\/\/mauweb.monamedia.net\/haiau\/wp-content\/uploads\/2017\/11\/bao-duong-1024x576.jpg 1024w, https:\/\/mauweb.monamedia.net\/haiau\/wp-content\/uploads\/2017\/11\/bao-duong-24x14.jpg 24w, https:\/\/mauweb.monamedia.net\/haiau\/wp-content\/uploads\/2017\/11\/bao-duong-36x20.jpg 36w, https:\/\/mauweb.monamedia.net\/haiau\/wp-content\/uploads\/2017\/11\/bao-duong-48x27.jpg 48w, https:\/\/mauweb.monamedia.net\/haiau\/wp-content\/uploads\/2017\/11\/bao-duong.jpg 1280w\" sizes=\"(max-width: 300px) 100vw, 300px\" \/>  \t\t\t\t\t\t\t  \t\t\t\t\t\t\t  \t\t\t\t\t\t<\/div>\n  \t\t\t\t\t\t  \t\t\t\t\t<\/div><!-- .box-image -->\n          \t\t\t\t\t<div class=\"box-text text-left\" >\n\t\t\t\t\t<div class=\"box-text-inner blog-post-inner\">\n\n\t\t\t\t\t\n\t\t\t\t\t\t\t\t\t\t<h5 class=\"post-title is-large \">D\u1ecbch v\u1ee5 b\u1ea3o d\u01b0\u1ee1ng xe c\u00f4ng tr\u00ecnh, m\u00e1y x\u00fac l\u1eadt Liugong<\/h5>\n\t\t\t\t\t\t\t\t\t\t<div class=\"is-divider\"><\/div>\n\t\t\t\t\t\t\t\t\t\t<p class=\"from_the_blog_excerpt \">Khi mua m\u00e1y x\u00fac l\u1eadt Liugong hay c\u00e1c d\u00f2ng m\u00e1y x\u00fac l\u1eadt nh\u1ecf t\u1ea1i c\u00e1c[...]\t\t\t\t\t<\/p>\n\t\t\t\t\t                    \n\t\t\t\t\t\n\t\t\t\t\t\n\t\t\t\t\t<\/div><!-- .box-text-inner -->\n\t\t\t\t\t<\/div><!-- .box-text -->\n\t\t\t\t\t\t\t\t\t\t\t\t\t\t\t\t<div class=\"badge absolute top post-date badge-circle\">\n\t\t\t\t\t\t\t<div class=\"badge-inner\">\n\t\t\t\t\t\t\t\t<span class=\"post-date-day\">30<\/span><br>\n\t\t\t\t\t\t\t\t<span class=\"post-date-month is-xsmall\">Th11<\/span>\n\t\t\t\t\t\t\t<\/div>\n\t\t\t\t\t\t<\/div>\n\t\t\t\t\t\t\t\t\t<\/div><!-- .box -->\n\t\t\t\t<\/a><!-- .link -->\n\t\t\t<\/div><!-- .col-inner -->\n\t\t<\/div><!-- .col -->\n<\/div>\n<\/div><\/div>\n<div class=\"col medium-3 small-12 large-3\"  ><div class=\"col-inner\"  >\n<ul class=\"sidebar-wrapper ul-reset \"><aside id=\"search-2\" class=\"widget widget_search\"><form method=\"get\" class=\"searchform\" action=\"https:\/\/mauweb.monamedia.net\/haiau\/\" role=\"search\">\n\t\t<div class=\"flex-row relative\">\n\t\t\t<div class=\"flex-col flex-grow\">\n\t   \t   <input type=\"search\" class=\"search-field mb-0\" name=\"s\" value=\"\" id=\"s\" placeholder=\"T\u00ecm ki\u1ebfm&hellip;\" \/>\n\t\t\t<\/div><!-- .flex-col -->\n\t\t\t<div class=\"flex-col\">\n\t\t\t\t<button type=\"submit\" class=\"ux-search-submit submit-button secondary button icon mb-0\">\n\t\t\t\t\t<i class=\"icon-search\" ><\/i>\t\t\t\t<\/button>\n\t\t\t<\/div><!-- .flex-col -->\n\t\t<\/div><!-- .flex-row -->\n    <div class=\"live-search-results text-left z-top\"><\/div>\n<\/form>\n<\/aside>\t\t<aside id=\"flatsome_recent_posts-4\" class=\"widget flatsome_recent_posts\">\t\t<span class=\"widget-title \"><span>B\u00e0i vi\u1ebft m\u1edbi<\/span><\/span><div class=\"is-divider small\"><\/div>\t\t<ul>\t\t\r\n\t\t\r\n\t\t<li class=\"recent-blog-posts-li\">\r\n\t\t\t<div class=\"flex-row recent-blog-posts align-top pt-half pb-half\">\r\n\t\t\t\t<div class=\"flex-col mr-half\">\r\n\t\t\t\t\t<div class=\"badge post-date  badge-outline\">\r\n\t\t\t\t\t\t\t<div class=\"badge-inner bg-fill\" >\r\n\t\t\t\t\t\t\t\t<span class=\"post-date-day\">30<\/span><br>\r\n\t\t\t\t\t\t\t\t<span class=\"post-date-month is-xsmall\">Th10<\/span>\r\n\t\t\t\t\t\t\t<\/div>\r\n\t\t\t\t\t<\/div>\r\n\t\t\t\t<\/div><!-- .flex-col -->\r\n\t\t\t\t<div class=\"flex-col flex-grow\">\r\n\t\t\t\t\t  <a href=\"https:\/\/mauweb.monamedia.net\/haiau\/term-paper-writing-service\/\" title=\"Term Paper Writing Service\">Term Paper Writing Service<\/a>\r\n\t\t\t\t   \t  <span class=\"post_comments oppercase op-7 block is-xsmall\"><a href=\"https:\/\/mauweb.monamedia.net\/haiau\/term-paper-writing-service\/#respond\"><\/a><\/span>\r\n\t\t\t\t<\/div>\r\n\t\t\t<\/div><!-- .flex-row -->\r\n\t\t<\/li>\r\n\t\t\r\n\t\t\r\n\t\t<li class=\"recent-blog-posts-li\">\r\n\t\t\t<div class=\"flex-row recent-blog-posts align-top pt-half pb-half\">\r\n\t\t\t\t<div class=\"flex-col mr-half\">\r\n\t\t\t\t\t<div class=\"badge post-date  badge-outline\">\r\n\t\t\t\t\t\t\t<div class=\"badge-inner bg-fill\" >\r\n\t\t\t\t\t\t\t\t<span class=\"post-date-day\">28<\/span><br>\r\n\t\t\t\t\t\t\t\t<span class=\"post-date-month is-xsmall\">Th10<\/span>\r\n\t\t\t\t\t\t\t<\/div>\r\n\t\t\t\t\t<\/div>\r\n\t\t\t\t<\/div><!-- .flex-col -->\r\n\t\t\t\t<div class=\"flex-col flex-grow\">\r\n\t\t\t\t\t  <a href=\"https:\/\/mauweb.monamedia.net\/haiau\/advice-on-how-to-get-the-finest-research-paper-writing-service\/\" title=\"Advice on How to Get the Finest Research Paper Writing Service\">Advice on How to Get the Finest Research Paper Writing Service<\/a>\r\n\t\t\t\t   \t  <span class=\"post_comments oppercase op-7 block is-xsmall\"><a href=\"https:\/\/mauweb.monamedia.net\/haiau\/advice-on-how-to-get-the-finest-research-paper-writing-service\/#respond\"><\/a><\/span>\r\n\t\t\t\t<\/div>\r\n\t\t\t<\/div><!-- .flex-row -->\r\n\t\t<\/li>\r\n\t\t\r\n\t\t\r\n\t\t<li class=\"recent-blog-posts-li\">\r\n\t\t\t<div class=\"flex-row recent-blog-posts align-top pt-half pb-half\">\r\n\t\t\t\t<div class=\"flex-col mr-half\">\r\n\t\t\t\t\t<div class=\"badge post-date  badge-outline\">\r\n\t\t\t\t\t\t\t<div class=\"badge-inner bg-fill\" >\r\n\t\t\t\t\t\t\t\t<span class=\"post-date-day\">26<\/span><br>\r\n\t\t\t\t\t\t\t\t<span class=\"post-date-month is-xsmall\">Th10<\/span>\r\n\t\t\t\t\t\t\t<\/div>\r\n\t\t\t\t\t<\/div>\r\n\t\t\t\t<\/div><!-- .flex-col -->\r\n\t\t\t\t<div class=\"flex-col flex-grow\">\r\n\t\t\t\t\t  <a href=\"https:\/\/mauweb.monamedia.net\/haiau\/writing-agency-find-the-appropriate-ones\/\" title=\"Writing Agency &#8211; Find The Appropriate Ones\">Writing Agency &#8211; Find The Appropriate Ones<\/a>\r\n\t\t\t\t   \t  <span class=\"post_comments oppercase op-7 block is-xsmall\"><a href=\"https:\/\/mauweb.monamedia.net\/haiau\/writing-agency-find-the-appropriate-ones\/#respond\"><\/a><\/span>\r\n\t\t\t\t<\/div>\r\n\t\t\t<\/div><!-- .flex-row -->\r\n\t\t<\/li>\r\n\t\t\r\n\t\t\r\n\t\t<li class=\"recent-blog-posts-li\">\r\n\t\t\t<div class=\"flex-row recent-blog-posts align-top pt-half pb-half\">\r\n\t\t\t\t<div class=\"flex-col mr-half\">\r\n\t\t\t\t\t<div class=\"badge post-date  badge-outline\">\r\n\t\t\t\t\t\t\t<div class=\"badge-inner bg-fill\" >\r\n\t\t\t\t\t\t\t\t<span class=\"post-date-day\">25<\/span><br>\r\n\t\t\t\t\t\t\t\t<span class=\"post-date-month is-xsmall\">Th10<\/span>\r\n\t\t\t\t\t\t\t<\/div>\r\n\t\t\t\t\t<\/div>\r\n\t\t\t\t<\/div><!-- .flex-col -->\r\n\t\t\t\t<div class=\"flex-col flex-grow\">\r\n\t\t\t\t\t  <a href=\"https:\/\/mauweb.monamedia.net\/haiau\/purchase-essay-online-benefits-of-working-with-this-way-of-writing-your-essays\/\" title=\"Purchase Essay Online &#8211; Benefits of Working with this Way of Writing Your Essays\">Purchase Essay Online &#8211; Benefits of Working with this Way of Writing Your Essays<\/a>\r\n\t\t\t\t   \t  <span class=\"post_comments oppercase op-7 block is-xsmall\"><a href=\"https:\/\/mauweb.monamedia.net\/haiau\/purchase-essay-online-benefits-of-working-with-this-way-of-writing-your-essays\/#respond\"><\/a><\/span>\r\n\t\t\t\t<\/div>\r\n\t\t\t<\/div><!-- .flex-row -->\r\n\t\t<\/li>\r\n\t\t\r\n\t\t\r\n\t\t<li class=\"recent-blog-posts-li\">\r\n\t\t\t<div class=\"flex-row recent-blog-posts align-top pt-half pb-half\">\r\n\t\t\t\t<div class=\"flex-col mr-half\">\r\n\t\t\t\t\t<div class=\"badge post-date  badge-outline\">\r\n\t\t\t\t\t\t\t<div class=\"badge-inner bg-fill\" style=\"background: linear-gradient( rgba(0, 0, 0, 0.5), rgba(0, 0, 0, 0.2) ), url(https:\/\/mauweb.monamedia.net\/haiau\/wp-content\/uploads\/2017\/12\/Charity-99-1110x577-150x150.jpg); color:#fff; text-shadow:1px 1px 0px rgba(0,0,0,.5); border:0;>\r\n\t\t\t\t\t\t\t\t<span class=\"post-date-day\">21<\/span><br>\r\n\t\t\t\t\t\t\t\t<span class=\"post-date-month is-xsmall\">Th12<\/span>\r\n\t\t\t\t\t\t\t<\/div>\r\n\t\t\t\t\t<\/div>\r\n\t\t\t\t<\/div><!-- .flex-col -->\r\n\t\t\t\t<div class=\"flex-col flex-grow\">\r\n\t\t\t\t\t  <a href=\"https:\/\/mauweb.monamedia.net\/haiau\/chuong-trinh-tu-thien-thuong-ve-mien-trung\/\" title=\"Ch\u01b0\u01a1ng tr\u00ecnh t\u1eeb thi\u1ec7n \u201cTh\u01b0\u01a1ng v\u1ec1 mi\u1ec1n Trung\u201d\">Ch\u01b0\u01a1ng tr\u00ecnh t\u1eeb thi\u1ec7n \u201cTh\u01b0\u01a1ng v\u1ec1 mi\u1ec1n Trung\u201d<\/a>\r\n\t\t\t\t   \t  <span class=\"post_comments oppercase op-7 block is-xsmall\"><a href=\"https:\/\/mauweb.monamedia.net\/haiau\/chuong-trinh-tu-thien-thuong-ve-mien-trung\/#respond\"><\/a><\/span>\r\n\t\t\t\t<\/div>\r\n\t\t\t<\/div><!-- .flex-row -->\r\n\t\t<\/li>\r\n\t\t\t\t<\/ul>\t\t<\/aside><aside id=\"tag_cloud-2\" class=\"widget widget_tag_cloud\"><span class=\"widget-title \"><span>T\u1eeb kh\u00f3a<\/span><\/span><div class=\"is-divider small\"><\/div><div class=\"tagcloud\"><a href=\"https:\/\/mauweb.monamedia.net\/haiau\/tag\/6-dieu\/\" class=\"tag-cloud-link tag-link-60 tag-link-position-1\" style=\"font-size: 8pt;\" aria-label=\"6 \u0111i\u1ec1u (1 m\u1ee5c)\">6 \u0111i\u1ec1u<\/a>\n<a href=\"https:\/\/mauweb.monamedia.net\/haiau\/tag\/chu-ky\/\" class=\"tag-cloud-link tag-link-56 tag-link-position-2\" style=\"font-size: 8pt;\" aria-label=\"Chu k\u1ef3 (1 m\u1ee5c)\">Chu k\u1ef3<\/a>\n<a href=\"https:\/\/mauweb.monamedia.net\/haiau\/tag\/liugong\/\" class=\"tag-cloud-link tag-link-54 tag-link-position-3\" style=\"font-size: 8pt;\" aria-label=\"LiuGong (1 m\u1ee5c)\">LiuGong<\/a>\n<a href=\"https:\/\/mauweb.monamedia.net\/haiau\/tag\/luu-y-khi-lai-may\/\" class=\"tag-cloud-link tag-link-59 tag-link-position-4\" style=\"font-size: 8pt;\" aria-label=\"L\u01b0u \u00fd khi l\u00e1i m\u00e1y (1 m\u1ee5c)\">L\u01b0u \u00fd khi l\u00e1i m\u00e1y<\/a>\n<a href=\"https:\/\/mauweb.monamedia.net\/haiau\/tag\/mien-trung\/\" class=\"tag-cloud-link tag-link-53 tag-link-position-5\" style=\"font-size: 8pt;\" aria-label=\"Mi\u1ec1n Trung (1 m\u1ee5c)\">Mi\u1ec1n Trung<\/a>\n<a href=\"https:\/\/mauweb.monamedia.net\/haiau\/tag\/qua-trinh\/\" class=\"tag-cloud-link tag-link-57 tag-link-position-6\" style=\"font-size: 8pt;\" aria-label=\"Qu\u00e1 tr\u00ecnh (1 m\u1ee5c)\">Qu\u00e1 tr\u00ecnh<\/a>\n<a href=\"https:\/\/mauweb.monamedia.net\/haiau\/tag\/tu-thien\/\" class=\"tag-cloud-link tag-link-52 tag-link-position-7\" style=\"font-size: 8pt;\" aria-label=\"T\u1eeb thi\u1ec7n (1 m\u1ee5c)\">T\u1eeb thi\u1ec7n<\/a>\n<a href=\"https:\/\/mauweb.monamedia.net\/haiau\/tag\/xuclathaiau\/\" class=\"tag-cloud-link tag-link-55 tag-link-position-8\" style=\"font-size: 8pt;\" aria-label=\"xuclathaiau (1 m\u1ee5c)\">xuclathaiau<\/a>\n<a href=\"https:\/\/mauweb.monamedia.net\/haiau\/tag\/xuc-lat-nho\/\" class=\"tag-cloud-link tag-link-58 tag-link-position-9\" style=\"font-size: 8pt;\" aria-label=\"X\u00fac l\u1eadt nh\u1ecf (1 m\u1ee5c)\">X\u00fac l\u1eadt nh\u1ecf<\/a><\/div>\n<\/aside><\/ul>\n<\/div><\/div>\n\n<style scope=\"scope\">\n\n<\/style>\n<\/div>\n\t\t<\/div><!-- .section-content -->\n\n\t\t\n<style scope=\"scope\">\n\n#section_347979234 {\n  padding-top: 0px;\n  padding-bottom: 0px;\n}\n<\/style>\n\t<\/section>\n\t\n","protected":false},"excerpt":{"rendered":"","protected":false},"author":1,"featured_media":0,"parent":0,"menu_order":0,"comment_status":"closed","ping_status":"closed","template":"page-blank.php","meta":{"footnotes":""},"_links":{"self":[{"href":"https:\/\/mauweb.monamedia.net\/haiau\/wp-json\/wp\/v2\/pages\/758"}],"collection":[{"href":"https:\/\/mauweb.monamedia.net\/haiau\/wp-json\/wp\/v2\/pages"}],"about":[{"href":"https:\/\/mauweb.monamedia.net\/haiau\/wp-json\/wp\/v2\/types\/page"}],"author":[{"embeddable":true,"href":"https:\/\/mauweb.monamedia.net\/haiau\/wp-json\/wp\/v2\/users\/1"}],"replies":[{"embeddable":true,"href":"https:\/\/mauweb.monamedia.net\/haiau\/wp-json\/wp\/v2\/comments?post=758"}],"version-history":[{"count":5,"href":"https:\/\/mauweb.monamedia.net\/haiau\/wp-json\/wp\/v2\/pages\/758\/revisions"}],"predecessor-version":[{"id":772,"href":"https:\/\/mauweb.monamedia.net\/haiau\/wp-json\/wp\/v2\/pages\/758\/revisions\/772"}],"wp:attachment":[{"href":"https:\/\/mauweb.monamedia.net\/haiau\/wp-json\/wp\/v2\/media?parent=758"}],"curies":[{"name":"wp","href":"https:\/\/api.w.org\/{rel}","templated":true}]}}