{"id":753,"date":"2018-01-12T04:37:05","date_gmt":"2018-01-12T04:37:05","guid":{"rendered":"http:\/\/mauweb.monamedia.net\/haiau\/?page_id=753"},"modified":"2018-03-28T03:19:00","modified_gmt":"2018-03-28T03:19:00","slug":"tin-tuc","status":"publish","type":"page","link":"https:\/\/mauweb.monamedia.net\/haiau\/tin-tuc\/","title":{"rendered":"Tin t\u1ee9c"},"content":{"rendered":"\t<section class=\"section\" id=\"section_1687474182\">\n\t\t<div class=\"bg section-bg fill bg-fill  bg-loaded\" >\n\n\t\t\t\n\t\t\t\n\t\t\t\n\n\t\t<\/div><!-- .section-bg -->\n\n\t\t<div class=\"section-content relative\">\n\t\t\t\n<div class=\"gap-element\" style=\"display:block; height:auto; padding-top:60px\" class=\"clearfix\"><\/div>\n<div class=\"row row-collapse\"  id=\"row-1418434301\">\n<div class=\"col small-12 large-12\"  ><div class=\"col-inner text-center\"  >\n<h2>Tin t\u1ee9c<\/h2>\n<\/div><\/div>\n\n<style scope=\"scope\">\n\n<\/style>\n<\/div>\n\t\t<\/div><!-- .section-content -->\n\n\t\t\n<style scope=\"scope\">\n\n#section_1687474182 {\n  padding-top: 0px;\n  padding-bottom: 0px;\n}\n<\/style>\n\t<\/section>\n\t\n\t<section class=\"section\" id=\"section_594269855\">\n\t\t<div class=\"bg section-bg fill bg-fill  bg-loaded\" >\n\n\t\t\t\n\t\t\t\n\t\t\t\n\n\t\t<\/div><!-- .section-bg -->\n\n\t\t<div class=\"section-content relative\">\n\t\t\t\n<div class=\"row row-small\"  id=\"row-1900256760\">\n<div class=\"col medium-9 small-12 large-9\"  ><div class=\"col-inner\"  >\n\n  \n    <div class=\"row large-columns-3 medium-columns-1 small-columns-1 row-small has-shadow row-box-shadow-1 row-box-shadow-2-hover\">\n  \t\t<div class=\"col post-item\" >\n\t\t\t<div class=\"col-inner\">\n\t\t\t<a href=\"https:\/\/mauweb.monamedia.net\/haiau\/chuong-trinh-tu-thien-thuong-ve-mien-trung\/\" class=\"plain\">\n\t\t\t\t<div class=\"box box-normal box-text-bottom box-blog-post has-hover\">\n            \t\t\t\t\t<div class=\"box-image\" >\n  \t\t\t\t\t\t<div class=\"image-cover\" style=\"padding-top:56.25%;\">\n  \t\t\t\t\t\t\t<img width=\"300\" height=\"156\" src=\"https:\/\/mauweb.monamedia.net\/haiau\/wp-content\/uploads\/2017\/12\/Charity-99-1110x577-300x156.jpg\" class=\"attachment-medium size-medium wp-post-image\" alt=\"\" decoding=\"async\" srcset=\"https:\/\/mauweb.monamedia.net\/haiau\/wp-content\/uploads\/2017\/12\/Charity-99-1110x577-300x156.jpg 300w, https:\/\/mauweb.monamedia.net\/haiau\/wp-content\/uploads\/2017\/12\/Charity-99-1110x577-768x399.jpg 768w, https:\/\/mauweb.monamedia.net\/haiau\/wp-content\/uploads\/2017\/12\/Charity-99-1110x577-1024x532.jpg 1024w, https:\/\/mauweb.monamedia.net\/haiau\/wp-content\/uploads\/2017\/12\/Charity-99-1110x577-24x12.jpg 24w, https:\/\/mauweb.monamedia.net\/haiau\/wp-content\/uploads\/2017\/12\/Charity-99-1110x577-36x19.jpg 36w, https:\/\/mauweb.monamedia.net\/haiau\/wp-content\/uploads\/2017\/12\/Charity-99-1110x577-48x25.jpg 48w, https:\/\/mauweb.monamedia.net\/haiau\/wp-content\/uploads\/2017\/12\/Charity-99-1110x577.jpg 1110w\" sizes=\"(max-width: 300px) 100vw, 300px\" \/>  \t\t\t\t\t\t\t  \t\t\t\t\t\t\t  \t\t\t\t\t\t<\/div>\n  \t\t\t\t\t\t  \t\t\t\t\t<\/div><!-- .box-image -->\n          \t\t\t\t\t<div class=\"box-text text-left\" >\n\t\t\t\t\t<div class=\"box-text-inner blog-post-inner\">\n\n\t\t\t\t\t\n\t\t\t\t\t\t\t\t\t\t<h5 class=\"post-title is-large \">Ch\u01b0\u01a1ng tr\u00ecnh t\u1eeb thi\u1ec7n \u201cTh\u01b0\u01a1ng v\u1ec1 mi\u1ec1n Trung\u201d<\/h5>\n\t\t\t\t\t\t\t\t\t\t<div class=\"is-divider\"><\/div>\n\t\t\t\t\t\t\t\t\t\t<p class=\"from_the_blog_excerpt \">Th\u01b0\u01a1ng v\u1ec1 mi\u1ec1n Trung Ng\u00e0y 15 th\u00e1ng 9 n\u0103m 2017, c\u01a1n b\u00e3o s\u1ed1 10 \u0111\u00e3[...]\t\t\t\t\t<\/p>\n\t\t\t\t\t                    \n\t\t\t\t\t\n\t\t\t\t\t\n\t\t\t\t\t<\/div><!-- .box-text-inner -->\n\t\t\t\t\t<\/div><!-- .box-text -->\n\t\t\t\t\t\t\t\t\t\t\t\t\t\t\t\t<div class=\"badge absolute top post-date badge-circle\">\n\t\t\t\t\t\t\t<div class=\"badge-inner\">\n\t\t\t\t\t\t\t\t<span class=\"post-date-day\">21<\/span><br>\n\t\t\t\t\t\t\t\t<span class=\"post-date-month is-xsmall\">Th12<\/span>\n\t\t\t\t\t\t\t<\/div>\n\t\t\t\t\t\t<\/div>\n\t\t\t\t\t\t\t\t\t<\/div><!-- .box -->\n\t\t\t\t<\/a><!-- .link -->\n\t\t\t<\/div><!-- .col-inner -->\n\t\t<\/div><!-- .col -->\n\t\t<div class=\"col post-item\" >\n\t\t\t<div class=\"col-inner\">\n\t\t\t<a href=\"https:\/\/mauweb.monamedia.net\/haiau\/gioi-thieu-ve-hang-liugong\/\" class=\"plain\">\n\t\t\t\t<div class=\"box box-normal box-text-bottom box-blog-post has-hover\">\n            \t\t\t\t\t<div class=\"box-image\" >\n  \t\t\t\t\t\t<div class=\"image-cover\" style=\"padding-top:56.25%;\">\n  \t\t\t\t\t\t\t<img width=\"300\" height=\"156\" src=\"https:\/\/mauweb.monamedia.net\/haiau\/wp-content\/uploads\/2017\/11\/logo-liugong-300x156.jpg\" class=\"attachment-medium size-medium wp-post-image\" alt=\"\" decoding=\"async\" srcset=\"https:\/\/mauweb.monamedia.net\/haiau\/wp-content\/uploads\/2017\/11\/logo-liugong-300x156.jpg 300w, https:\/\/mauweb.monamedia.net\/haiau\/wp-content\/uploads\/2017\/11\/logo-liugong-768x399.jpg 768w, https:\/\/mauweb.monamedia.net\/haiau\/wp-content\/uploads\/2017\/11\/logo-liugong-1024x532.jpg 1024w, https:\/\/mauweb.monamedia.net\/haiau\/wp-content\/uploads\/2017\/11\/logo-liugong-24x12.jpg 24w, https:\/\/mauweb.monamedia.net\/haiau\/wp-content\/uploads\/2017\/11\/logo-liugong-36x19.jpg 36w, https:\/\/mauweb.monamedia.net\/haiau\/wp-content\/uploads\/2017\/11\/logo-liugong-48x25.jpg 48w, https:\/\/mauweb.monamedia.net\/haiau\/wp-content\/uploads\/2017\/11\/logo-liugong.jpg 1110w\" sizes=\"(max-width: 300px) 100vw, 300px\" \/>  \t\t\t\t\t\t\t  \t\t\t\t\t\t\t  \t\t\t\t\t\t<\/div>\n  \t\t\t\t\t\t  \t\t\t\t\t<\/div><!-- .box-image -->\n          \t\t\t\t\t<div class=\"box-text text-left\" >\n\t\t\t\t\t<div class=\"box-text-inner blog-post-inner\">\n\n\t\t\t\t\t\n\t\t\t\t\t\t\t\t\t\t<h5 class=\"post-title is-large \">Gi\u1edbi thi\u1ec7u v\u1ec1 h\u00e3ng Liugong<\/h5>\n\t\t\t\t\t\t\t\t\t\t<div class=\"is-divider\"><\/div>\n\t\t\t\t\t\t\t\t\t\t<p class=\"from_the_blog_excerpt \">Tr\u00ean th\u1ecb tr\u01b0\u1eddng m\u00e1y c\u00f4ng tr\u00ecnh hi\u1ec7n nay t\u1ea1i Vi\u1ec7t Nam n\u1ed5i l\u00ean nhi\u1ec1u c\u00e1ci[...]\t\t\t\t\t<\/p>\n\t\t\t\t\t                    \n\t\t\t\t\t\n\t\t\t\t\t\n\t\t\t\t\t<\/div><!-- .box-text-inner -->\n\t\t\t\t\t<\/div><!-- .box-text -->\n\t\t\t\t\t\t\t\t\t\t\t\t\t\t\t\t<div class=\"badge absolute top post-date badge-circle\">\n\t\t\t\t\t\t\t<div class=\"badge-inner\">\n\t\t\t\t\t\t\t\t<span class=\"post-date-day\">30<\/span><br>\n\t\t\t\t\t\t\t\t<span class=\"post-date-month is-xsmall\">Th11<\/span>\n\t\t\t\t\t\t\t<\/div>\n\t\t\t\t\t\t<\/div>\n\t\t\t\t\t\t\t\t\t<\/div><!-- .box -->\n\t\t\t\t<\/a><!-- .link -->\n\t\t\t<\/div><!-- .col-inner -->\n\t\t<\/div><!-- .col -->\n\t\t<div class=\"col post-item\" >\n\t\t\t<div class=\"col-inner\">\n\t\t\t<a href=\"https:\/\/mauweb.monamedia.net\/haiau\/chu-ky-va-qua-trinh-lam-viec-cua-cac-dong-may-xuc-lat-nho\/\" class=\"plain\">\n\t\t\t\t<div class=\"box box-normal box-text-bottom box-blog-post has-hover\">\n            \t\t\t\t\t<div class=\"box-image\" >\n  \t\t\t\t\t\t<div class=\"image-cover\" style=\"padding-top:56.25%;\">\n  \t\t\t\t\t\t\t<img width=\"300\" height=\"119\" src=\"https:\/\/mauweb.monamedia.net\/haiau\/wp-content\/uploads\/2017\/11\/cac-dong-may-300x119.jpg\" class=\"attachment-medium size-medium wp-post-image\" alt=\"\" decoding=\"async\" srcset=\"https:\/\/mauweb.monamedia.net\/haiau\/wp-content\/uploads\/2017\/11\/cac-dong-may-300x119.jpg 300w, https:\/\/mauweb.monamedia.net\/haiau\/wp-content\/uploads\/2017\/11\/cac-dong-may-768x304.jpg 768w, https:\/\/mauweb.monamedia.net\/haiau\/wp-content\/uploads\/2017\/11\/cac-dong-may-24x9.jpg 24w, https:\/\/mauweb.monamedia.net\/haiau\/wp-content\/uploads\/2017\/11\/cac-dong-may-36x14.jpg 36w, https:\/\/mauweb.monamedia.net\/haiau\/wp-content\/uploads\/2017\/11\/cac-dong-may-48x19.jpg 48w, https:\/\/mauweb.monamedia.net\/haiau\/wp-content\/uploads\/2017\/11\/cac-dong-may.jpg 925w\" sizes=\"(max-width: 300px) 100vw, 300px\" \/>  \t\t\t\t\t\t\t  \t\t\t\t\t\t\t  \t\t\t\t\t\t<\/div>\n  \t\t\t\t\t\t  \t\t\t\t\t<\/div><!-- .box-image -->\n          \t\t\t\t\t<div class=\"box-text text-left\" >\n\t\t\t\t\t<div class=\"box-text-inner blog-post-inner\">\n\n\t\t\t\t\t\n\t\t\t\t\t\t\t\t\t\t<h5 class=\"post-title is-large \">Chu k\u1ef3 v\u00e0 qu\u00e1 tr\u00ecnh l\u00e0m vi\u1ec7c c\u1ee7a c\u00e1c d\u00f2ng m\u00e1y x\u00fac l\u1eadt nh\u1ecf<\/h5>\n\t\t\t\t\t\t\t\t\t\t<div class=\"is-divider\"><\/div>\n\t\t\t\t\t\t\t\t\t\t<p class=\"from_the_blog_excerpt \">V\u1edbi t\u1ed1c \u0111\u1ed9 ph\u00e1t tri\u1ec3n \u0111\u00f4 th\u1ecb, ph\u00e1t tri\u1ec3n kinh doanh trong ng\u00e0nh c\u00f4ng nghi\u1ec7p[...]\t\t\t\t\t<\/p>\n\t\t\t\t\t                    \n\t\t\t\t\t\n\t\t\t\t\t\n\t\t\t\t\t<\/div><!-- .box-text-inner -->\n\t\t\t\t\t<\/div><!-- .box-text -->\n\t\t\t\t\t\t\t\t\t\t\t\t\t\t\t\t<div class=\"badge absolute top post-date badge-circle\">\n\t\t\t\t\t\t\t<div class=\"badge-inner\">\n\t\t\t\t\t\t\t\t<span class=\"post-date-day\">30<\/span><br>\n\t\t\t\t\t\t\t\t<span class=\"post-date-month is-xsmall\">Th11<\/span>\n\t\t\t\t\t\t\t<\/div>\n\t\t\t\t\t\t<\/div>\n\t\t\t\t\t\t\t\t\t<\/div><!-- .box -->\n\t\t\t\t<\/a><!-- .link -->\n\t\t\t<\/div><!-- .col-inner -->\n\t\t<\/div><!-- .col -->\n\t\t<div class=\"col post-item\" >\n\t\t\t<div class=\"col-inner\">\n\t\t\t<a href=\"https:\/\/mauweb.monamedia.net\/haiau\/6-dieu-luu-y-khi-hoc-lai-may-lat-xuc\/\" class=\"plain\">\n\t\t\t\t<div class=\"box box-normal box-text-bottom box-blog-post has-hover\">\n            \t\t\t\t\t<div class=\"box-image\" >\n  \t\t\t\t\t\t<div class=\"image-cover\" style=\"padding-top:56.25%;\">\n  \t\t\t\t\t\t\t<img width=\"300\" height=\"170\" src=\"https:\/\/mauweb.monamedia.net\/haiau\/wp-content\/uploads\/2017\/11\/hoc-lai-300x170.jpg\" class=\"attachment-medium size-medium wp-post-image\" alt=\"\" decoding=\"async\" srcset=\"https:\/\/mauweb.monamedia.net\/haiau\/wp-content\/uploads\/2017\/11\/hoc-lai-300x170.jpg 300w, https:\/\/mauweb.monamedia.net\/haiau\/wp-content\/uploads\/2017\/11\/hoc-lai-768x436.jpg 768w, https:\/\/mauweb.monamedia.net\/haiau\/wp-content\/uploads\/2017\/11\/hoc-lai-24x14.jpg 24w, https:\/\/mauweb.monamedia.net\/haiau\/wp-content\/uploads\/2017\/11\/hoc-lai-36x20.jpg 36w, https:\/\/mauweb.monamedia.net\/haiau\/wp-content\/uploads\/2017\/11\/hoc-lai-48x27.jpg 48w, https:\/\/mauweb.monamedia.net\/haiau\/wp-content\/uploads\/2017\/11\/hoc-lai.jpg 835w\" sizes=\"(max-width: 300px) 100vw, 300px\" \/>  \t\t\t\t\t\t\t  \t\t\t\t\t\t\t  \t\t\t\t\t\t<\/div>\n  \t\t\t\t\t\t  \t\t\t\t\t<\/div><!-- .box-image -->\n          \t\t\t\t\t<div class=\"box-text text-left\" >\n\t\t\t\t\t<div class=\"box-text-inner blog-post-inner\">\n\n\t\t\t\t\t\n\t\t\t\t\t\t\t\t\t\t<h5 class=\"post-title is-large \">6 \u0111i\u1ec1u l\u01b0u \u00fd khi h\u1ecdc l\u00e1i m\u00e1y l\u1eadt x\u00fac<\/h5>\n\t\t\t\t\t\t\t\t\t\t<div class=\"is-divider\"><\/div>\n\t\t\t\t\t\t\t\t\t\t<p class=\"from_the_blog_excerpt \">H\u1ecdc l\u00e1i xe \u0111\u00e3 kh\u00f3, h\u1ecdc l\u00e1y xe c\u00f4ng tr\u00ecnh l\u1ea1i c\u00e0ng kh\u00f3 h\u01a1n. N\u00f3[...]\t\t\t\t\t<\/p>\n\t\t\t\t\t                    \n\t\t\t\t\t\n\t\t\t\t\t\n\t\t\t\t\t<\/div><!-- .box-text-inner -->\n\t\t\t\t\t<\/div><!-- .box-text -->\n\t\t\t\t\t\t\t\t\t\t\t\t\t\t\t\t<div class=\"badge absolute top post-date badge-circle\">\n\t\t\t\t\t\t\t<div class=\"badge-inner\">\n\t\t\t\t\t\t\t\t<span class=\"post-date-day\">30<\/span><br>\n\t\t\t\t\t\t\t\t<span class=\"post-date-month is-xsmall\">Th11<\/span>\n\t\t\t\t\t\t\t<\/div>\n\t\t\t\t\t\t<\/div>\n\t\t\t\t\t\t\t\t\t<\/div><!-- .box -->\n\t\t\t\t<\/a><!-- .link -->\n\t\t\t<\/div><!-- .col-inner -->\n\t\t<\/div><!-- .col -->\n\t\t<div class=\"col post-item\" >\n\t\t\t<div class=\"col-inner\">\n\t\t\t<a href=\"https:\/\/mauweb.monamedia.net\/haiau\/phuong-phap-xac-dinh-nhu-cau-may-xuc-lat-va-cach-chon-dong-may-phu-hop\/\" class=\"plain\">\n\t\t\t\t<div class=\"box box-normal box-text-bottom box-blog-post has-hover\">\n            \t\t\t\t\t<div class=\"box-image\" >\n  \t\t\t\t\t\t<div class=\"image-cover\" style=\"padding-top:56.25%;\">\n  \t\t\t\t\t\t\t<img width=\"300\" height=\"200\" src=\"https:\/\/mauweb.monamedia.net\/haiau\/wp-content\/uploads\/2017\/11\/xac-dinh-nhu-cau-300x200.jpg\" class=\"attachment-medium size-medium wp-post-image\" alt=\"\" decoding=\"async\" srcset=\"https:\/\/mauweb.monamedia.net\/haiau\/wp-content\/uploads\/2017\/11\/xac-dinh-nhu-cau-300x200.jpg 300w, https:\/\/mauweb.monamedia.net\/haiau\/wp-content\/uploads\/2017\/11\/xac-dinh-nhu-cau-768x512.jpg 768w, https:\/\/mauweb.monamedia.net\/haiau\/wp-content\/uploads\/2017\/11\/xac-dinh-nhu-cau.jpg 1024w, https:\/\/mauweb.monamedia.net\/haiau\/wp-content\/uploads\/2017\/11\/xac-dinh-nhu-cau-24x16.jpg 24w, https:\/\/mauweb.monamedia.net\/haiau\/wp-content\/uploads\/2017\/11\/xac-dinh-nhu-cau-36x24.jpg 36w, https:\/\/mauweb.monamedia.net\/haiau\/wp-content\/uploads\/2017\/11\/xac-dinh-nhu-cau-48x32.jpg 48w\" sizes=\"(max-width: 300px) 100vw, 300px\" \/>  \t\t\t\t\t\t\t  \t\t\t\t\t\t\t  \t\t\t\t\t\t<\/div>\n  \t\t\t\t\t\t  \t\t\t\t\t<\/div><!-- .box-image -->\n          \t\t\t\t\t<div class=\"box-text text-left\" >\n\t\t\t\t\t<div class=\"box-text-inner blog-post-inner\">\n\n\t\t\t\t\t\n\t\t\t\t\t\t\t\t\t\t<h5 class=\"post-title is-large \">Ph\u01b0\u01a1ng ph\u00e1p x\u00e1c \u0111\u1ecbnh nhu c\u1ea7u m\u00e1y x\u00fac l\u1eadt v\u00e0 c\u00e1ch ch\u1ecdn d\u00f2ng m\u00e1y ph\u00f9 h\u1ee3p<\/h5>\n\t\t\t\t\t\t\t\t\t\t<div class=\"is-divider\"><\/div>\n\t\t\t\t\t\t\t\t\t\t<p class=\"from_the_blog_excerpt \">Trong c\u00f4ng cu\u1ed9c \u201cc\u00f4ng nghi\u1ec7p h\u00f3a, hi\u1ec7n \u0111\u1ea1i h\u00f3a \u0111\u1ea5t n\u01b0\u1edbc\u201d, nhi\u1ec1u khu c\u00f4ng nghi\u1ec7p[...]\t\t\t\t\t<\/p>\n\t\t\t\t\t                    \n\t\t\t\t\t\n\t\t\t\t\t\n\t\t\t\t\t<\/div><!-- .box-text-inner -->\n\t\t\t\t\t<\/div><!-- .box-text -->\n\t\t\t\t\t\t\t\t\t\t\t\t\t\t\t\t<div class=\"badge absolute top post-date badge-circle\">\n\t\t\t\t\t\t\t<div class=\"badge-inner\">\n\t\t\t\t\t\t\t\t<span class=\"post-date-day\">30<\/span><br>\n\t\t\t\t\t\t\t\t<span class=\"post-date-month is-xsmall\">Th11<\/span>\n\t\t\t\t\t\t\t<\/div>\n\t\t\t\t\t\t<\/div>\n\t\t\t\t\t\t\t\t\t<\/div><!-- .box -->\n\t\t\t\t<\/a><!-- .link -->\n\t\t\t<\/div><!-- .col-inner -->\n\t\t<\/div><!-- .col -->\n<\/div>\n<\/div><\/div>\n<div class=\"col medium-3 small-12 large-3\"  ><div class=\"col-inner\"  >\n<ul class=\"sidebar-wrapper ul-reset \"><aside id=\"search-2\" class=\"widget widget_search\"><form method=\"get\" class=\"searchform\" action=\"https:\/\/mauweb.monamedia.net\/haiau\/\" role=\"search\">\n\t\t<div class=\"flex-row relative\">\n\t\t\t<div class=\"flex-col flex-grow\">\n\t   \t   <input type=\"search\" class=\"search-field mb-0\" name=\"s\" value=\"\" id=\"s\" placeholder=\"T\u00ecm ki\u1ebfm&hellip;\" \/>\n\t\t\t<\/div><!-- .flex-col -->\n\t\t\t<div class=\"flex-col\">\n\t\t\t\t<button type=\"submit\" class=\"ux-search-submit submit-button secondary button icon mb-0\">\n\t\t\t\t\t<i class=\"icon-search\" ><\/i>\t\t\t\t<\/button>\n\t\t\t<\/div><!-- .flex-col -->\n\t\t<\/div><!-- .flex-row -->\n    <div class=\"live-search-results text-left z-top\"><\/div>\n<\/form>\n<\/aside>\t\t<aside id=\"flatsome_recent_posts-4\" class=\"widget flatsome_recent_posts\">\t\t<span class=\"widget-title \"><span>B\u00e0i vi\u1ebft m\u1edbi<\/span><\/span><div class=\"is-divider small\"><\/div>\t\t<ul>\t\t\r\n\t\t\r\n\t\t<li class=\"recent-blog-posts-li\">\r\n\t\t\t<div class=\"flex-row recent-blog-posts align-top pt-half pb-half\">\r\n\t\t\t\t<div class=\"flex-col mr-half\">\r\n\t\t\t\t\t<div class=\"badge post-date  badge-outline\">\r\n\t\t\t\t\t\t\t<div class=\"badge-inner bg-fill\" >\r\n\t\t\t\t\t\t\t\t<span class=\"post-date-day\">30<\/span><br>\r\n\t\t\t\t\t\t\t\t<span class=\"post-date-month is-xsmall\">Th10<\/span>\r\n\t\t\t\t\t\t\t<\/div>\r\n\t\t\t\t\t<\/div>\r\n\t\t\t\t<\/div><!-- .flex-col -->\r\n\t\t\t\t<div class=\"flex-col flex-grow\">\r\n\t\t\t\t\t  <a href=\"https:\/\/mauweb.monamedia.net\/haiau\/term-paper-writing-service\/\" title=\"Term Paper Writing Service\">Term Paper Writing Service<\/a>\r\n\t\t\t\t   \t  <span class=\"post_comments oppercase op-7 block is-xsmall\"><a href=\"https:\/\/mauweb.monamedia.net\/haiau\/term-paper-writing-service\/#respond\"><\/a><\/span>\r\n\t\t\t\t<\/div>\r\n\t\t\t<\/div><!-- .flex-row -->\r\n\t\t<\/li>\r\n\t\t\r\n\t\t\r\n\t\t<li class=\"recent-blog-posts-li\">\r\n\t\t\t<div class=\"flex-row recent-blog-posts align-top pt-half pb-half\">\r\n\t\t\t\t<div class=\"flex-col mr-half\">\r\n\t\t\t\t\t<div class=\"badge post-date  badge-outline\">\r\n\t\t\t\t\t\t\t<div class=\"badge-inner bg-fill\" >\r\n\t\t\t\t\t\t\t\t<span class=\"post-date-day\">28<\/span><br>\r\n\t\t\t\t\t\t\t\t<span class=\"post-date-month is-xsmall\">Th10<\/span>\r\n\t\t\t\t\t\t\t<\/div>\r\n\t\t\t\t\t<\/div>\r\n\t\t\t\t<\/div><!-- .flex-col -->\r\n\t\t\t\t<div class=\"flex-col flex-grow\">\r\n\t\t\t\t\t  <a href=\"https:\/\/mauweb.monamedia.net\/haiau\/advice-on-how-to-get-the-finest-research-paper-writing-service\/\" title=\"Advice on How to Get the Finest Research Paper Writing Service\">Advice on How to Get the Finest Research Paper Writing Service<\/a>\r\n\t\t\t\t   \t  <span class=\"post_comments oppercase op-7 block is-xsmall\"><a href=\"https:\/\/mauweb.monamedia.net\/haiau\/advice-on-how-to-get-the-finest-research-paper-writing-service\/#respond\"><\/a><\/span>\r\n\t\t\t\t<\/div>\r\n\t\t\t<\/div><!-- .flex-row -->\r\n\t\t<\/li>\r\n\t\t\r\n\t\t\r\n\t\t<li class=\"recent-blog-posts-li\">\r\n\t\t\t<div class=\"flex-row recent-blog-posts align-top pt-half pb-half\">\r\n\t\t\t\t<div class=\"flex-col mr-half\">\r\n\t\t\t\t\t<div class=\"badge post-date  badge-outline\">\r\n\t\t\t\t\t\t\t<div class=\"badge-inner bg-fill\" >\r\n\t\t\t\t\t\t\t\t<span class=\"post-date-day\">26<\/span><br>\r\n\t\t\t\t\t\t\t\t<span class=\"post-date-month is-xsmall\">Th10<\/span>\r\n\t\t\t\t\t\t\t<\/div>\r\n\t\t\t\t\t<\/div>\r\n\t\t\t\t<\/div><!-- .flex-col -->\r\n\t\t\t\t<div class=\"flex-col flex-grow\">\r\n\t\t\t\t\t  <a href=\"https:\/\/mauweb.monamedia.net\/haiau\/writing-agency-find-the-appropriate-ones\/\" title=\"Writing Agency &#8211; Find The Appropriate Ones\">Writing Agency &#8211; Find The Appropriate Ones<\/a>\r\n\t\t\t\t   \t  <span class=\"post_comments oppercase op-7 block is-xsmall\"><a href=\"https:\/\/mauweb.monamedia.net\/haiau\/writing-agency-find-the-appropriate-ones\/#respond\"><\/a><\/span>\r\n\t\t\t\t<\/div>\r\n\t\t\t<\/div><!-- .flex-row -->\r\n\t\t<\/li>\r\n\t\t\r\n\t\t\r\n\t\t<li class=\"recent-blog-posts-li\">\r\n\t\t\t<div class=\"flex-row recent-blog-posts align-top pt-half pb-half\">\r\n\t\t\t\t<div class=\"flex-col mr-half\">\r\n\t\t\t\t\t<div class=\"badge post-date  badge-outline\">\r\n\t\t\t\t\t\t\t<div class=\"badge-inner bg-fill\" >\r\n\t\t\t\t\t\t\t\t<span class=\"post-date-day\">25<\/span><br>\r\n\t\t\t\t\t\t\t\t<span class=\"post-date-month is-xsmall\">Th10<\/span>\r\n\t\t\t\t\t\t\t<\/div>\r\n\t\t\t\t\t<\/div>\r\n\t\t\t\t<\/div><!-- .flex-col -->\r\n\t\t\t\t<div class=\"flex-col flex-grow\">\r\n\t\t\t\t\t  <a href=\"https:\/\/mauweb.monamedia.net\/haiau\/purchase-essay-online-benefits-of-working-with-this-way-of-writing-your-essays\/\" title=\"Purchase Essay Online &#8211; Benefits of Working with this Way of Writing Your Essays\">Purchase Essay Online &#8211; Benefits of Working with this Way of Writing Your Essays<\/a>\r\n\t\t\t\t   \t  <span class=\"post_comments oppercase op-7 block is-xsmall\"><a href=\"https:\/\/mauweb.monamedia.net\/haiau\/purchase-essay-online-benefits-of-working-with-this-way-of-writing-your-essays\/#respond\"><\/a><\/span>\r\n\t\t\t\t<\/div>\r\n\t\t\t<\/div><!-- .flex-row -->\r\n\t\t<\/li>\r\n\t\t\r\n\t\t\r\n\t\t<li class=\"recent-blog-posts-li\">\r\n\t\t\t<div class=\"flex-row recent-blog-posts align-top pt-half pb-half\">\r\n\t\t\t\t<div class=\"flex-col mr-half\">\r\n\t\t\t\t\t<div class=\"badge post-date  badge-outline\">\r\n\t\t\t\t\t\t\t<div class=\"badge-inner bg-fill\" style=\"background: linear-gradient( rgba(0, 0, 0, 0.5), rgba(0, 0, 0, 0.2) ), url(https:\/\/mauweb.monamedia.net\/haiau\/wp-content\/uploads\/2017\/12\/Charity-99-1110x577-150x150.jpg); color:#fff; text-shadow:1px 1px 0px rgba(0,0,0,.5); border:0;>\r\n\t\t\t\t\t\t\t\t<span class=\"post-date-day\">21<\/span><br>\r\n\t\t\t\t\t\t\t\t<span class=\"post-date-month is-xsmall\">Th12<\/span>\r\n\t\t\t\t\t\t\t<\/div>\r\n\t\t\t\t\t<\/div>\r\n\t\t\t\t<\/div><!-- .flex-col -->\r\n\t\t\t\t<div class=\"flex-col flex-grow\">\r\n\t\t\t\t\t  <a href=\"https:\/\/mauweb.monamedia.net\/haiau\/chuong-trinh-tu-thien-thuong-ve-mien-trung\/\" title=\"Ch\u01b0\u01a1ng tr\u00ecnh t\u1eeb thi\u1ec7n \u201cTh\u01b0\u01a1ng v\u1ec1 mi\u1ec1n Trung\u201d\">Ch\u01b0\u01a1ng tr\u00ecnh t\u1eeb thi\u1ec7n \u201cTh\u01b0\u01a1ng v\u1ec1 mi\u1ec1n Trung\u201d<\/a>\r\n\t\t\t\t   \t  <span class=\"post_comments oppercase op-7 block is-xsmall\"><a href=\"https:\/\/mauweb.monamedia.net\/haiau\/chuong-trinh-tu-thien-thuong-ve-mien-trung\/#respond\"><\/a><\/span>\r\n\t\t\t\t<\/div>\r\n\t\t\t<\/div><!-- .flex-row -->\r\n\t\t<\/li>\r\n\t\t\t\t<\/ul>\t\t<\/aside><aside id=\"tag_cloud-2\" class=\"widget widget_tag_cloud\"><span class=\"widget-title \"><span>T\u1eeb kh\u00f3a<\/span><\/span><div class=\"is-divider small\"><\/div><div class=\"tagcloud\"><a href=\"https:\/\/mauweb.monamedia.net\/haiau\/tag\/6-dieu\/\" class=\"tag-cloud-link tag-link-60 tag-link-position-1\" style=\"font-size: 8pt;\" aria-label=\"6 \u0111i\u1ec1u (1 m\u1ee5c)\">6 \u0111i\u1ec1u<\/a>\n<a href=\"https:\/\/mauweb.monamedia.net\/haiau\/tag\/chu-ky\/\" class=\"tag-cloud-link tag-link-56 tag-link-position-2\" style=\"font-size: 8pt;\" aria-label=\"Chu k\u1ef3 (1 m\u1ee5c)\">Chu k\u1ef3<\/a>\n<a href=\"https:\/\/mauweb.monamedia.net\/haiau\/tag\/liugong\/\" class=\"tag-cloud-link tag-link-54 tag-link-position-3\" style=\"font-size: 8pt;\" aria-label=\"LiuGong (1 m\u1ee5c)\">LiuGong<\/a>\n<a href=\"https:\/\/mauweb.monamedia.net\/haiau\/tag\/luu-y-khi-lai-may\/\" class=\"tag-cloud-link tag-link-59 tag-link-position-4\" style=\"font-size: 8pt;\" aria-label=\"L\u01b0u \u00fd khi l\u00e1i m\u00e1y (1 m\u1ee5c)\">L\u01b0u \u00fd khi l\u00e1i m\u00e1y<\/a>\n<a href=\"https:\/\/mauweb.monamedia.net\/haiau\/tag\/mien-trung\/\" class=\"tag-cloud-link tag-link-53 tag-link-position-5\" style=\"font-size: 8pt;\" aria-label=\"Mi\u1ec1n Trung (1 m\u1ee5c)\">Mi\u1ec1n Trung<\/a>\n<a href=\"https:\/\/mauweb.monamedia.net\/haiau\/tag\/qua-trinh\/\" class=\"tag-cloud-link tag-link-57 tag-link-position-6\" style=\"font-size: 8pt;\" aria-label=\"Qu\u00e1 tr\u00ecnh (1 m\u1ee5c)\">Qu\u00e1 tr\u00ecnh<\/a>\n<a href=\"https:\/\/mauweb.monamedia.net\/haiau\/tag\/tu-thien\/\" class=\"tag-cloud-link tag-link-52 tag-link-position-7\" style=\"font-size: 8pt;\" aria-label=\"T\u1eeb thi\u1ec7n (1 m\u1ee5c)\">T\u1eeb thi\u1ec7n<\/a>\n<a href=\"https:\/\/mauweb.monamedia.net\/haiau\/tag\/xuclathaiau\/\" class=\"tag-cloud-link tag-link-55 tag-link-position-8\" style=\"font-size: 8pt;\" aria-label=\"xuclathaiau (1 m\u1ee5c)\">xuclathaiau<\/a>\n<a href=\"https:\/\/mauweb.monamedia.net\/haiau\/tag\/xuc-lat-nho\/\" class=\"tag-cloud-link tag-link-58 tag-link-position-9\" style=\"font-size: 8pt;\" aria-label=\"X\u00fac l\u1eadt nh\u1ecf (1 m\u1ee5c)\">X\u00fac l\u1eadt nh\u1ecf<\/a><\/div>\n<\/aside><\/ul>\n<\/div><\/div>\n\n<style scope=\"scope\">\n\n<\/style>\n<\/div>\n\t\t<\/div><!-- .section-content -->\n\n\t\t\n<style scope=\"scope\">\n\n#section_594269855 {\n  padding-top: 0px;\n  padding-bottom: 0px;\n}\n<\/style>\n\t<\/section>\n\t\n","protected":false},"excerpt":{"rendered":"","protected":false},"author":1,"featured_media":0,"parent":0,"menu_order":0,"comment_status":"closed","ping_status":"closed","template":"page-blank.php","meta":{"footnotes":""},"_links":{"self":[{"href":"https:\/\/mauweb.monamedia.net\/haiau\/wp-json\/wp\/v2\/pages\/753"}],"collection":[{"href":"https:\/\/mauweb.monamedia.net\/haiau\/wp-json\/wp\/v2\/pages"}],"about":[{"href":"https:\/\/mauweb.monamedia.net\/haiau\/wp-json\/wp\/v2\/types\/page"}],"author":[{"embeddable":true,"href":"https:\/\/mauweb.monamedia.net\/haiau\/wp-json\/wp\/v2\/users\/1"}],"replies":[{"embeddable":true,"href":"https:\/\/mauweb.monamedia.net\/haiau\/wp-json\/wp\/v2\/comments?post=753"}],"version-history":[{"count":7,"href":"https:\/\/mauweb.monamedia.net\/haiau\/wp-json\/wp\/v2\/pages\/753\/revisions"}],"predecessor-version":[{"id":771,"href":"https:\/\/mauweb.monamedia.net\/haiau\/wp-json\/wp\/v2\/pages\/753\/revisions\/771"}],"wp:attachment":[{"href":"https:\/\/mauweb.monamedia.net\/haiau\/wp-json\/wp\/v2\/media?parent=753"}],"curies":[{"name":"wp","href":"https:\/\/api.w.org\/{rel}","templated":true}]}}