{"id":439,"date":"2017-11-20T10:26:37","date_gmt":"2017-11-20T10:26:37","guid":{"rendered":"http:\/\/mauweb.monamedia.net\/haiau\/?page_id=439"},"modified":"2017-11-21T06:33:40","modified_gmt":"2017-11-21T06:33:40","slug":"xuc-lat-nho","status":"publish","type":"page","link":"https:\/\/mauweb.monamedia.net\/haiau\/xuc-lat-nho\/","title":{"rendered":"X\u00fac l\u1eadt nh\u1ecf"},"content":{"rendered":"\t<section class=\"section\" id=\"section_67924287\">\n\t\t<div class=\"bg section-bg fill bg-fill  bg-loaded\" >\n\n\t\t\t\n\t\t\t\n\t\t\t\n\n\t\t<\/div><!-- .section-bg -->\n\n\t\t<div class=\"section-content relative\">\n\t\t\t\n<div class=\"gap-element\" style=\"display:block; height:auto; padding-top:90px\" class=\"clearfix\"><\/div>\n<div class=\"row\"  id=\"row-2129742109\">\n<div class=\"col small-12 large-12\"  ><div class=\"col-inner\" style=\"margin:0px 0px -10px 0px;\" >\n<p><a href=\"http:\/\/mauweb.monamedia.net\/haiau\">TRANG CH\u1ee6<\/a>\u00a0<span class=\"divider\">\/<\/span>\u00a0<a href=\"http:\/\/mauweb.monamedia.net\/haiau\/danh-muc\/san-pham\/\">S\u1ea2N PH\u1ea8M<\/a>\u00a0<span class=\"divider\">\/<\/span>\u00a0X\u00daC L\u1eacT NH\u1ece<\/p>\n<\/div><\/div>\n<div class=\"col medium-3 small-12 large-3\"  ><div class=\"col-inner\"  >\n<ul class=\"sidebar-wrapper ul-reset \"><aside id=\"nav_menu-2\" class=\"widget widget_nav_menu\"><span class=\"widget-title shop-sidebar\">Danh m\u1ee5c s\u1ea3n ph\u1ea9m<\/span><div class=\"is-divider small\"><\/div><div class=\"menu-danh-muc-san-pham-vertical-menu-container\"><ul id=\"menu-danh-muc-san-pham-vertical-menu\" class=\"menu\"><li id=\"menu-item-434\" class=\"menu-item menu-item-type-post_type menu-item-object-page menu-item-434\"><a href=\"https:\/\/mauweb.monamedia.net\/haiau\/san-pham\/\" class=\"menu-image-title-after\"><span class=\"menu-image-title\">T\u1ea5t c\u1ea3<\/span><\/a><\/li>\n<li id=\"menu-item-148\" class=\"menu-item menu-item-type-taxonomy menu-item-object-product_cat menu-item-148\"><a href=\"https:\/\/mauweb.monamedia.net\/haiau\/danh-muc\/san-pham\/xuc-lat-liugong\/\" class=\"menu-image-title-after\"><span class=\"menu-image-title\">X\u00fac l\u1eadt LiuGong<\/span><\/a><\/li>\n<li id=\"menu-item-457\" class=\"menu-item menu-item-type-post_type menu-item-object-page menu-item-has-children menu-item-457\"><a href=\"https:\/\/mauweb.monamedia.net\/haiau\/xuc-lat-nho\/\" class=\"menu-image-title-after\"><span class=\"menu-image-title\">X\u00fac l\u1eadt nh\u1ecf<\/span><\/a>\n<ul class=\"sub-menu\">\n\t<li id=\"menu-item-424\" class=\"menu-item menu-item-type-taxonomy menu-item-object-product_cat menu-item-424\"><a href=\"https:\/\/mauweb.monamedia.net\/haiau\/danh-muc\/san-pham\/xuc-lat-nho\/laigong\/\" class=\"menu-image-title-after\"><span class=\"menu-image-title\">LaiGong<\/span><\/a><\/li>\n\t<li id=\"menu-item-425\" class=\"menu-item menu-item-type-taxonomy menu-item-object-product_cat menu-item-425\"><a href=\"https:\/\/mauweb.monamedia.net\/haiau\/danh-muc\/san-pham\/xuc-lat-nho\/aolite\/\" class=\"menu-image-title-after\"><span class=\"menu-image-title\">Aolite<\/span><\/a><\/li>\n<\/ul>\n<\/li>\n<li id=\"menu-item-456\" class=\"menu-item menu-item-type-post_type menu-item-object-page menu-item-has-children menu-item-456\"><a href=\"https:\/\/mauweb.monamedia.net\/haiau\/xe-lu\/\" class=\"menu-image-title-after\"><span class=\"menu-image-title\">Xe lu<\/span><\/a>\n<ul class=\"sub-menu\">\n\t<li id=\"menu-item-427\" class=\"menu-item menu-item-type-taxonomy menu-item-object-product_cat menu-item-427\"><a href=\"https:\/\/mauweb.monamedia.net\/haiau\/danh-muc\/san-pham\/xe-lu\/xe-lu-rung\/\" class=\"menu-image-title-after\"><span class=\"menu-image-title\">Xe lu rung<\/span><\/a><\/li>\n\t<li id=\"menu-item-428\" class=\"menu-item menu-item-type-taxonomy menu-item-object-product_cat menu-item-428\"><a href=\"https:\/\/mauweb.monamedia.net\/haiau\/danh-muc\/san-pham\/xe-lu\/xe-lu-tinh\/\" class=\"menu-image-title-after\"><span class=\"menu-image-title\">Xe lu t\u0129nh<\/span><\/a><\/li>\n\t<li id=\"menu-item-426\" class=\"menu-item menu-item-type-taxonomy menu-item-object-product_cat menu-item-426\"><a href=\"https:\/\/mauweb.monamedia.net\/haiau\/danh-muc\/san-pham\/xe-lu\/xe-lu-lop\/\" class=\"menu-image-title-after\"><span class=\"menu-image-title\">Xe lu l\u1ed1p<\/span><\/a><\/li>\n<\/ul>\n<\/li>\n<li id=\"menu-item-455\" class=\"menu-item menu-item-type-post_type menu-item-object-page menu-item-has-children menu-item-455\"><a href=\"https:\/\/mauweb.monamedia.net\/haiau\/xe-nang\/\" class=\"menu-image-title-after\"><span class=\"menu-image-title\">Xe n\u00e2ng<\/span><\/a>\n<ul class=\"sub-menu\">\n\t<li id=\"menu-item-431\" class=\"menu-item menu-item-type-taxonomy menu-item-object-product_cat menu-item-431\"><a href=\"https:\/\/mauweb.monamedia.net\/haiau\/danh-muc\/san-pham\/xe-nang\/xe-nang-diesel\/\" class=\"menu-image-title-after\"><span class=\"menu-image-title\">Xe n\u00e2ng diesel<\/span><\/a><\/li>\n\t<li id=\"menu-item-430\" class=\"menu-item menu-item-type-taxonomy menu-item-object-product_cat menu-item-430\"><a href=\"https:\/\/mauweb.monamedia.net\/haiau\/danh-muc\/san-pham\/xe-nang\/xe-nang-dien\/\" class=\"menu-image-title-after\"><span class=\"menu-image-title\">Xe n\u00e2ng \u0111i\u1ec7n<\/span><\/a><\/li>\n\t<li id=\"menu-item-432\" class=\"menu-item menu-item-type-taxonomy menu-item-object-product_cat menu-item-432\"><a href=\"https:\/\/mauweb.monamedia.net\/haiau\/danh-muc\/san-pham\/xe-nang\/xe-nang-gas\/\" class=\"menu-image-title-after\"><span class=\"menu-image-title\">Xe n\u00e2ng gas<\/span><\/a><\/li>\n\t<li id=\"menu-item-429\" class=\"menu-item menu-item-type-taxonomy menu-item-object-product_cat menu-item-429\"><a href=\"https:\/\/mauweb.monamedia.net\/haiau\/danh-muc\/san-pham\/xe-nang\/xe-nang-co-co-cau-dac-biet\/\" class=\"menu-image-title-after\"><span class=\"menu-image-title\">Xe n\u00e2ng c\u00f3 c\u01a1 c\u1ea5u \u0111\u1eb7c bi\u1ec7t<\/span><\/a><\/li>\n<\/ul>\n<\/li>\n<li id=\"menu-item-147\" class=\"menu-item menu-item-type-taxonomy menu-item-object-product_cat menu-item-147\"><a href=\"https:\/\/mauweb.monamedia.net\/haiau\/danh-muc\/san-pham\/xuc-dao\/\" class=\"menu-image-title-after\"><span class=\"menu-image-title\">X\u00fac \u0111\u00e0o<\/span><\/a><\/li>\n<li id=\"menu-item-694\" class=\"menu-item menu-item-type-taxonomy menu-item-object-product_cat menu-item-has-children menu-item-694\"><a href=\"https:\/\/mauweb.monamedia.net\/haiau\/danh-muc\/phu-tung\/\" class=\"menu-image-title-after\"><span class=\"menu-image-title\">Ph\u1ee5 t\u00f9ng<\/span><\/a>\n<ul class=\"sub-menu\">\n\t<li id=\"menu-item-695\" class=\"menu-item menu-item-type-taxonomy menu-item-object-product_cat menu-item-695\"><a href=\"https:\/\/mauweb.monamedia.net\/haiau\/danh-muc\/phu-tung\/loc\/\" class=\"menu-image-title-after\"><span class=\"menu-image-title\">L\u1ecdc<\/span><\/a><\/li>\n\t<li id=\"menu-item-696\" class=\"menu-item menu-item-type-taxonomy menu-item-object-product_cat menu-item-has-children menu-item-696\"><a href=\"https:\/\/mauweb.monamedia.net\/haiau\/danh-muc\/phu-tung\/phu-tung-liugong\/\" class=\"menu-image-title-after\"><span class=\"menu-image-title\">Ph\u1ee5 t\u00f9ng LiuGong<\/span><\/a>\n\t<ul class=\"sub-menu\">\n\t\t<li id=\"menu-item-697\" class=\"menu-item menu-item-type-taxonomy menu-item-object-product_cat menu-item-697\"><a href=\"https:\/\/mauweb.monamedia.net\/haiau\/danh-muc\/phu-tung\/phu-tung-liugong\/he-thong-dien\/\" class=\"menu-image-title-after\"><span class=\"menu-image-title\">H\u1ec7 th\u1ed1ng \u0111i\u1ec7n<\/span><\/a><\/li>\n\t\t<li id=\"menu-item-698\" class=\"menu-item menu-item-type-taxonomy menu-item-object-product_cat menu-item-698\"><a href=\"https:\/\/mauweb.monamedia.net\/haiau\/danh-muc\/phu-tung\/phu-tung-liugong\/he-thong-phanh\/\" class=\"menu-image-title-after\"><span class=\"menu-image-title\">H\u1ec7 th\u1ed1ng phanh<\/span><\/a><\/li>\n\t\t<li id=\"menu-item-699\" class=\"menu-item menu-item-type-taxonomy menu-item-object-product_cat menu-item-699\"><a href=\"https:\/\/mauweb.monamedia.net\/haiau\/danh-muc\/phu-tung\/phu-tung-liugong\/he-thong-thuy-luc\/\" class=\"menu-image-title-after\"><span class=\"menu-image-title\">H\u1ec7 th\u1ed1ng th\u1ee7y l\u1ef1c<\/span><\/a><\/li>\n\t\t<li id=\"menu-item-700\" class=\"menu-item menu-item-type-taxonomy menu-item-object-product_cat menu-item-700\"><a href=\"https:\/\/mauweb.monamedia.net\/haiau\/danh-muc\/phu-tung\/phu-tung-liugong\/lop\/\" class=\"menu-image-title-after\"><span class=\"menu-image-title\">L\u1ed1p<\/span><\/a><\/li>\n\t\t<li id=\"menu-item-701\" class=\"menu-item menu-item-type-taxonomy menu-item-object-product_cat menu-item-701\"><a href=\"https:\/\/mauweb.monamedia.net\/haiau\/danh-muc\/phu-tung\/phu-tung-liugong\/phu-tung-dong-co\/\" class=\"menu-image-title-after\"><span class=\"menu-image-title\">Ph\u1ee5 t\u00f9ng \u0111\u1ed9ng c\u01a1<\/span><\/a><\/li>\n\t\t<li id=\"menu-item-702\" class=\"menu-item menu-item-type-taxonomy menu-item-object-product_cat menu-item-702\"><a href=\"https:\/\/mauweb.monamedia.net\/haiau\/danh-muc\/phu-tung\/phu-tung-liugong\/phu-tung-hop-so\/\" class=\"menu-image-title-after\"><span class=\"menu-image-title\">Ph\u1ee5 t\u00f9ng h\u1ed9p s\u1ed1<\/span><\/a><\/li>\n\t\t<li id=\"menu-item-703\" class=\"menu-item menu-item-type-taxonomy menu-item-object-product_cat menu-item-703\"><a href=\"https:\/\/mauweb.monamedia.net\/haiau\/danh-muc\/phu-tung\/phu-tung-liugong\/phu-tung-khung-gam\/\" class=\"menu-image-title-after\"><span class=\"menu-image-title\">Ph\u1ee5 t\u00f9ng khung g\u1ea7m<\/span><\/a><\/li>\n\t\t<li id=\"menu-item-704\" class=\"menu-item menu-item-type-taxonomy menu-item-object-product_cat menu-item-704\"><a href=\"https:\/\/mauweb.monamedia.net\/haiau\/danh-muc\/phu-tung\/phu-tung-liugong\/sat-xi\/\" class=\"menu-image-title-after\"><span class=\"menu-image-title\">S\u1eaft xi<\/span><\/a><\/li>\n\t<\/ul>\n<\/li>\n\t<li id=\"menu-item-705\" class=\"menu-item menu-item-type-taxonomy menu-item-object-product_cat menu-item-705\"><a href=\"https:\/\/mauweb.monamedia.net\/haiau\/danh-muc\/phu-tung\/phu-tung-xe-nang\/\" class=\"menu-image-title-after\"><span class=\"menu-image-title\">Ph\u1ee5 t\u00f9ng xe n\u00e2ng<\/span><\/a><\/li>\n\t<li id=\"menu-item-706\" class=\"menu-item menu-item-type-taxonomy menu-item-object-product_cat menu-item-706\"><a href=\"https:\/\/mauweb.monamedia.net\/haiau\/danh-muc\/phu-tung\/phu-tung-xuc-lat-nho\/\" class=\"menu-image-title-after\"><span class=\"menu-image-title\">Ph\u1ee5 t\u00f9ng x\u00fac l\u1eadt nh\u1ecf<\/span><\/a><\/li>\n<\/ul>\n<\/li>\n<li id=\"menu-item-144\" class=\"menu-item menu-item-type-taxonomy menu-item-object-product_cat menu-item-144\"><a href=\"https:\/\/mauweb.monamedia.net\/haiau\/danh-muc\/san-pham\/cac-loai-xe-cong-trinh-khac\/\" class=\"menu-image-title-after\"><span class=\"menu-image-title\">C\u00e1c lo\u1ea1i xe c\u00f4ng tr\u00ecnh kh\u00e1c<\/span><\/a><\/li>\n<\/ul><\/div><\/aside><aside id=\"custom_html-3\" class=\"widget_text widget widget_custom_html\"><span class=\"widget-title shop-sidebar\">H\u1ed6 TR\u1ee2<\/span><div class=\"is-divider small\"><\/div><div class=\"textwidget custom-html-widget\"><p style=\"padding-bottom: 8px; border-bottom: 1px solid #eee\">H\u1ed7 tr\u1ee3 mua h\u00e0ng: <a href=\"tel:+0982319889\" style=\"color:#4950cd\"><strong>098.231.9889<\/strong><\/a><\/p>\r\n\r\n<p style=\"padding-bottom: 8px; margin-top: -8px; border-bottom: 1px solid #eee\">H\u1ed7 tr\u1ee3 k\u1ef9 thu\u1eadt v\u00e0 ph\u1ee5 t\u00f9ng: <a href=\"tel:+0914329102\" style=\"color:#4950cd\"><strong>091.432.9102<\/strong><\/a><\/p><\/div><\/aside><\/ul>\n<\/div><\/div>\n<div class=\"col medium-9 small-12 large-9\"  ><div class=\"col-inner\"  >\n<h3><a href=\"http:\/\/mauweb.monamedia.net\/haiau\/danh-muc\/san-pham\/xuc-lat-nho\/laigong\/\">LAIGONG<\/a><\/h3>\n\n  \n    <div class=\"row large-columns-2 medium-columns- small-columns- row-normal has-shadow row-box-shadow-1 row-box-shadow-2-hover\">\n  \t\n\t     \n\t\t\t\t\t\t            \t\n\t            \t<div class=\"col\" >\n\t\t\t\t\t\t<div class=\"col-inner\">\n\t\t\t\t\t\t\n<div class=\"badge-container absolute left top z-1\">\n<\/div>\n\t\t\t\t\t\t<div class=\"product-small box has-hover box-normal box-text-bottom\">\n\t\t\t\t\t\t\t<div class=\"box-image\" >\n\t\t\t\t\t\t\t\t<div class=\"image-cover\" style=\"padding-top:100%;\">\n\t\t\t\t\t\t\t\t\t<a href=\"https:\/\/mauweb.monamedia.net\/haiau\/san-pham\/may-xuc-lat-laigong-zl15a\/\">\n\t\t\t\t\t\t\t\t\t\t<img width=\"300\" height=\"300\" src=\"https:\/\/mauweb.monamedia.net\/haiau\/wp-content\/uploads\/2017\/11\/Z2_ZL15A_02-300x300.jpg\" class=\"show-on-hover absolute fill hide-for-small back-image\" alt=\"\" decoding=\"async\" loading=\"lazy\" srcset=\"https:\/\/mauweb.monamedia.net\/haiau\/wp-content\/uploads\/2017\/11\/Z2_ZL15A_02-300x300.jpg 300w, https:\/\/mauweb.monamedia.net\/haiau\/wp-content\/uploads\/2017\/11\/Z2_ZL15A_02-150x150.jpg 150w, https:\/\/mauweb.monamedia.net\/haiau\/wp-content\/uploads\/2017\/11\/Z2_ZL15A_02-180x180.jpg 180w, https:\/\/mauweb.monamedia.net\/haiau\/wp-content\/uploads\/2017\/11\/Z2_ZL15A_02-600x600.jpg 600w\" sizes=\"(max-width: 300px) 100vw, 300px\" \/><img width=\"1920\" height=\"1280\" src=\"\/\/mauweb.monamedia.net\/haiau\/wp-content\/uploads\/2017\/11\/Z2_ZL15A_01.jpg\" class=\"attachment-original size-original wp-post-image\" alt=\"\" decoding=\"async\" srcset=\"\/\/mauweb.monamedia.net\/haiau\/wp-content\/uploads\/2017\/11\/Z2_ZL15A_01.jpg 1920w, \/\/mauweb.monamedia.net\/haiau\/wp-content\/uploads\/2017\/11\/Z2_ZL15A_01-300x200.jpg 300w, \/\/mauweb.monamedia.net\/haiau\/wp-content\/uploads\/2017\/11\/Z2_ZL15A_01-768x512.jpg 768w, \/\/mauweb.monamedia.net\/haiau\/wp-content\/uploads\/2017\/11\/Z2_ZL15A_01-1024x683.jpg 1024w, \/\/mauweb.monamedia.net\/haiau\/wp-content\/uploads\/2017\/11\/Z2_ZL15A_01-24x16.jpg 24w, \/\/mauweb.monamedia.net\/haiau\/wp-content\/uploads\/2017\/11\/Z2_ZL15A_01-36x24.jpg 36w, \/\/mauweb.monamedia.net\/haiau\/wp-content\/uploads\/2017\/11\/Z2_ZL15A_01-48x32.jpg 48w\" sizes=\"(max-width: 1920px) 100vw, 1920px\" \/>\t\t\t\t\t\t\t\t\t<\/a>\n\t\t\t\t\t\t\t\t\t\t\t\t\t\t\t\t\t\t \t\t\t\t\t\t\t\t<\/div>\n\t\t\t\t\t\t\t\t<div class=\"image-tools z-top top right show-on-hover\">\n\t\t\t\t\t\t\t\t\t\t\t\t\t\t\t\t\t<\/div>\n\t\t\t\t\t\t\t\t\t\t\t\t\t\t\t\t\t<div class=\"image-tools grid-tools text-center hide-for-small bottom hover-slide-in show-on-hover\">\n\t\t\t\t\t\t\t\t\t\t  <a class=\"quick-view\" data-prod=\"507\" href=\"#quick-view\">Xem nhanh<\/a>\t\t\t\t\t\t\t\t\t<\/div>\n\t\t\t\t\t\t\t\t\t\t\t\t\t\t\t\t\t\t\t\t\t\t\t<\/div><!-- box-image -->\n\n\t\t\t\t\t\t\t<div class=\"box-text text-center\" >\n\t\t\t\t\t\t\t\t<div class=\"title-wrapper\">\t\t<p class=\"category uppercase is-smaller no-text-overflow product-cat op-7\">\n\t\t\tLaiGong\t\t<\/p> <p class=\"name product-title\"><a href=\"https:\/\/mauweb.monamedia.net\/haiau\/san-pham\/may-xuc-lat-laigong-zl15a\/\">M\u00e1y x\u00fac l\u1eadt LaiGong ZL15A<\/a><\/p><\/div><div class=\"price-wrapper\">\n<\/div>\t\t\t\t\t\t\t<\/div><!-- box-text -->\n                                                        <div class=\"mona-sub-title aligh-center\">T\u1ea3i Tr\u1ecdng: 5000 G\u1ea7u: 0.5m3<\/div>\t\t\t\t\t\t<\/div><!-- box -->\n\t\t\t\t\t\t<\/div><!-- .col-inner -->\n\t\t\t\t\t<\/div><!-- col -->\n\t\t\t\t\t\t            \n\t        <\/div>\n<h3><a href=\"http:\/\/mauweb.monamedia.net\/haiau\/danh-muc\/san-pham\/xuc-lat-nho\/aolite\/\">AOLITE<\/a><\/h3>\n\n  \n    <div class=\"row large-columns-2 medium-columns- small-columns- row-normal has-shadow row-box-shadow-1 row-box-shadow-2-hover\">\n  \t\n\t     \n\t\t\t\t\t\t            \t\n\t            \t<div class=\"col\" >\n\t\t\t\t\t\t<div class=\"col-inner\">\n\t\t\t\t\t\t\n<div class=\"badge-container absolute left top z-1\">\n<\/div>\n\t\t\t\t\t\t<div class=\"product-small box has-hover box-normal box-text-bottom\">\n\t\t\t\t\t\t\t<div class=\"box-image\" >\n\t\t\t\t\t\t\t\t<div class=\"image-cover\" style=\"padding-top:100%;\">\n\t\t\t\t\t\t\t\t\t<a href=\"https:\/\/mauweb.monamedia.net\/haiau\/san-pham\/may-xuc-lat-mini-920\/\">\n\t\t\t\t\t\t\t\t\t\t<img width=\"300\" height=\"300\" src=\"https:\/\/mauweb.monamedia.net\/haiau\/wp-content\/uploads\/2017\/11\/920-02-300x300.jpg\" class=\"show-on-hover absolute fill hide-for-small back-image\" alt=\"\" decoding=\"async\" loading=\"lazy\" srcset=\"https:\/\/mauweb.monamedia.net\/haiau\/wp-content\/uploads\/2017\/11\/920-02-300x300.jpg 300w, https:\/\/mauweb.monamedia.net\/haiau\/wp-content\/uploads\/2017\/11\/920-02-150x150.jpg 150w, https:\/\/mauweb.monamedia.net\/haiau\/wp-content\/uploads\/2017\/11\/920-02-180x180.jpg 180w, https:\/\/mauweb.monamedia.net\/haiau\/wp-content\/uploads\/2017\/11\/920-02-600x600.jpg 600w\" sizes=\"(max-width: 300px) 100vw, 300px\" \/><img width=\"1920\" height=\"1280\" src=\"\/\/mauweb.monamedia.net\/haiau\/wp-content\/uploads\/2017\/11\/920-01.jpg\" class=\"attachment-original size-original wp-post-image\" alt=\"\" decoding=\"async\" srcset=\"\/\/mauweb.monamedia.net\/haiau\/wp-content\/uploads\/2017\/11\/920-01.jpg 1920w, \/\/mauweb.monamedia.net\/haiau\/wp-content\/uploads\/2017\/11\/920-01-300x200.jpg 300w, \/\/mauweb.monamedia.net\/haiau\/wp-content\/uploads\/2017\/11\/920-01-768x512.jpg 768w, \/\/mauweb.monamedia.net\/haiau\/wp-content\/uploads\/2017\/11\/920-01-1024x683.jpg 1024w, \/\/mauweb.monamedia.net\/haiau\/wp-content\/uploads\/2017\/11\/920-01-24x16.jpg 24w, \/\/mauweb.monamedia.net\/haiau\/wp-content\/uploads\/2017\/11\/920-01-36x24.jpg 36w, \/\/mauweb.monamedia.net\/haiau\/wp-content\/uploads\/2017\/11\/920-01-48x32.jpg 48w\" sizes=\"(max-width: 1920px) 100vw, 1920px\" \/>\t\t\t\t\t\t\t\t\t<\/a>\n\t\t\t\t\t\t\t\t\t\t\t\t\t\t\t\t\t\t \t\t\t\t\t\t\t\t<\/div>\n\t\t\t\t\t\t\t\t<div class=\"image-tools z-top top right show-on-hover\">\n\t\t\t\t\t\t\t\t\t\t\t\t\t\t\t\t\t<\/div>\n\t\t\t\t\t\t\t\t\t\t\t\t\t\t\t\t\t<div class=\"image-tools grid-tools text-center hide-for-small bottom hover-slide-in show-on-hover\">\n\t\t\t\t\t\t\t\t\t\t  <a class=\"quick-view\" data-prod=\"665\" href=\"#quick-view\">Xem nhanh<\/a>\t\t\t\t\t\t\t\t\t<\/div>\n\t\t\t\t\t\t\t\t\t\t\t\t\t\t\t\t\t\t\t\t\t\t\t<\/div><!-- box-image -->\n\n\t\t\t\t\t\t\t<div class=\"box-text text-center\" >\n\t\t\t\t\t\t\t\t<div class=\"title-wrapper\">\t\t<p class=\"category uppercase is-smaller no-text-overflow product-cat op-7\">\n\t\t\tAolite\t\t<\/p> <p class=\"name product-title\"><a href=\"https:\/\/mauweb.monamedia.net\/haiau\/san-pham\/may-xuc-lat-mini-920\/\">M\u00e1y x\u00fac l\u1eadt mini 920<\/a><\/p><\/div><div class=\"price-wrapper\">\n<\/div>\t\t\t\t\t\t\t<\/div><!-- box-text -->\n                                                        <div class=\"mona-sub-title aligh-center\">Chi\u1ec1u cao x\u1ea3 t\u1ea3i: 3200 mm | T\u1ea3i tr\u1ecdng n\u00e2ng: 2000 kg<\/div>\t\t\t\t\t\t<\/div><!-- box -->\n\t\t\t\t\t\t<\/div><!-- .col-inner -->\n\t\t\t\t\t<\/div><!-- col -->\n\t\t\t\t\t\t            \n\t\t\t\t\t\t            \t\n\t            \t<div class=\"col\" >\n\t\t\t\t\t\t<div class=\"col-inner\">\n\t\t\t\t\t\t\n<div class=\"badge-container absolute left top z-1\">\n<\/div>\n\t\t\t\t\t\t<div class=\"product-small box has-hover box-normal box-text-bottom\">\n\t\t\t\t\t\t\t<div class=\"box-image\" >\n\t\t\t\t\t\t\t\t<div class=\"image-cover\" style=\"padding-top:100%;\">\n\t\t\t\t\t\t\t\t\t<a href=\"https:\/\/mauweb.monamedia.net\/haiau\/san-pham\/may-xuc-lat-aolite-916\/\">\n\t\t\t\t\t\t\t\t\t\t<img width=\"300\" height=\"300\" src=\"https:\/\/mauweb.monamedia.net\/haiau\/wp-content\/uploads\/2017\/11\/A2_916_02-300x300.jpg\" class=\"show-on-hover absolute fill hide-for-small back-image\" alt=\"\" decoding=\"async\" loading=\"lazy\" srcset=\"https:\/\/mauweb.monamedia.net\/haiau\/wp-content\/uploads\/2017\/11\/A2_916_02-300x300.jpg 300w, https:\/\/mauweb.monamedia.net\/haiau\/wp-content\/uploads\/2017\/11\/A2_916_02-150x150.jpg 150w, https:\/\/mauweb.monamedia.net\/haiau\/wp-content\/uploads\/2017\/11\/A2_916_02-180x180.jpg 180w, https:\/\/mauweb.monamedia.net\/haiau\/wp-content\/uploads\/2017\/11\/A2_916_02-600x600.jpg 600w\" sizes=\"(max-width: 300px) 100vw, 300px\" \/><img width=\"1920\" height=\"1280\" src=\"\/\/mauweb.monamedia.net\/haiau\/wp-content\/uploads\/2017\/11\/A2_916_01.jpg\" class=\"attachment-original size-original wp-post-image\" alt=\"\" decoding=\"async\" srcset=\"\/\/mauweb.monamedia.net\/haiau\/wp-content\/uploads\/2017\/11\/A2_916_01.jpg 1920w, \/\/mauweb.monamedia.net\/haiau\/wp-content\/uploads\/2017\/11\/A2_916_01-300x200.jpg 300w, \/\/mauweb.monamedia.net\/haiau\/wp-content\/uploads\/2017\/11\/A2_916_01-768x512.jpg 768w, \/\/mauweb.monamedia.net\/haiau\/wp-content\/uploads\/2017\/11\/A2_916_01-1024x683.jpg 1024w, \/\/mauweb.monamedia.net\/haiau\/wp-content\/uploads\/2017\/11\/A2_916_01-24x16.jpg 24w, \/\/mauweb.monamedia.net\/haiau\/wp-content\/uploads\/2017\/11\/A2_916_01-36x24.jpg 36w, \/\/mauweb.monamedia.net\/haiau\/wp-content\/uploads\/2017\/11\/A2_916_01-48x32.jpg 48w\" sizes=\"(max-width: 1920px) 100vw, 1920px\" \/>\t\t\t\t\t\t\t\t\t<\/a>\n\t\t\t\t\t\t\t\t\t\t\t\t\t\t\t\t\t\t \t\t\t\t\t\t\t\t<\/div>\n\t\t\t\t\t\t\t\t<div class=\"image-tools z-top top right show-on-hover\">\n\t\t\t\t\t\t\t\t\t\t\t\t\t\t\t\t\t<\/div>\n\t\t\t\t\t\t\t\t\t\t\t\t\t\t\t\t\t<div class=\"image-tools grid-tools text-center hide-for-small bottom hover-slide-in show-on-hover\">\n\t\t\t\t\t\t\t\t\t\t  <a class=\"quick-view\" data-prod=\"496\" href=\"#quick-view\">Xem nhanh<\/a>\t\t\t\t\t\t\t\t\t<\/div>\n\t\t\t\t\t\t\t\t\t\t\t\t\t\t\t\t\t\t\t\t\t\t\t<\/div><!-- box-image -->\n\n\t\t\t\t\t\t\t<div class=\"box-text text-center\" >\n\t\t\t\t\t\t\t\t<div class=\"title-wrapper\">\t\t<p class=\"category uppercase is-smaller no-text-overflow product-cat op-7\">\n\t\t\tAolite\t\t<\/p> <p class=\"name product-title\"><a href=\"https:\/\/mauweb.monamedia.net\/haiau\/san-pham\/may-xuc-lat-aolite-916\/\">M\u00e1y x\u00fac l\u1eadt AOLITE 916<\/a><\/p><\/div><div class=\"price-wrapper\">\n<\/div>\t\t\t\t\t\t\t<\/div><!-- box-text -->\n                                                        <div class=\"mona-sub-title aligh-center\">Chi\u1ec1u cao x\u1ea3 t\u1ea3i: \u00b13000 mm | T\u1ea3i tr\u1ecdng n\u00e2ng: 1600 kg<\/div>\t\t\t\t\t\t<\/div><!-- box -->\n\t\t\t\t\t\t<\/div><!-- .col-inner -->\n\t\t\t\t\t<\/div><!-- col -->\n\t\t\t\t\t\t            \n\t        <\/div>\n<\/div><\/div>\n<\/div>\n<div class=\"gap-element\" style=\"display:block; height:auto; padding-top:30px\" class=\"clearfix\"><\/div>\n\t\t<\/div><!-- .section-content -->\n\n\t\t\n<style scope=\"scope\">\n\n#section_67924287 {\n  padding-top: 0px;\n  padding-bottom: 0px;\n}\n<\/style>\n\t<\/section>\n\t\n","protected":false},"excerpt":{"rendered":"","protected":false},"author":1,"featured_media":0,"parent":0,"menu_order":0,"comment_status":"closed","ping_status":"closed","template":"page-blank.php","meta":{"footnotes":""},"_links":{"self":[{"href":"https:\/\/mauweb.monamedia.net\/haiau\/wp-json\/wp\/v2\/pages\/439"}],"collection":[{"href":"https:\/\/mauweb.monamedia.net\/haiau\/wp-json\/wp\/v2\/pages"}],"about":[{"href":"https:\/\/mauweb.monamedia.net\/haiau\/wp-json\/wp\/v2\/types\/page"}],"author":[{"embeddable":true,"href":"https:\/\/mauweb.monamedia.net\/haiau\/wp-json\/wp\/v2\/users\/1"}],"replies":[{"embeddable":true,"href":"https:\/\/mauweb.monamedia.net\/haiau\/wp-json\/wp\/v2\/comments?post=439"}],"version-history":[{"count":10,"href":"https:\/\/mauweb.monamedia.net\/haiau\/wp-json\/wp\/v2\/pages\/439\/revisions"}],"predecessor-version":[{"id":527,"href":"https:\/\/mauweb.monamedia.net\/haiau\/wp-json\/wp\/v2\/pages\/439\/revisions\/527"}],"wp:attachment":[{"href":"https:\/\/mauweb.monamedia.net\/haiau\/wp-json\/wp\/v2\/media?parent=439"}],"curies":[{"name":"wp","href":"https:\/\/api.w.org\/{rel}","templated":true}]}}