{"id":20,"date":"2017-10-11T17:02:28","date_gmt":"2017-10-11T17:02:28","guid":{"rendered":"http:\/\/mauweb.monamedia.net\/haiau\/?page_id=20"},"modified":"2017-11-03T11:07:48","modified_gmt":"2017-11-03T11:07:48","slug":"lien-he","status":"publish","type":"page","link":"https:\/\/mauweb.monamedia.net\/haiau\/lien-he\/","title":{"rendered":"Li\u00ean h\u1ec7"},"content":{"rendered":"\t<section class=\"section\" id=\"section_828028252\">\n\t\t<div class=\"bg section-bg fill bg-fill  bg-loaded\" >\n\n\t\t\t\n\t\t\t\n\t\t\t\n\n\t\t<\/div><!-- .section-bg -->\n\n\t\t<div class=\"section-content relative\">\n\t\t\t\n<div class=\"gap-element\" style=\"display:block; height:auto; padding-top:30px\" class=\"clearfix\"><\/div>\n<div class=\"row\"  id=\"row-2053438648\">\n<div class=\"col medium-6 small-12 large-6\"  ><div class=\"col-inner\"  >\n\n  <div class=\"banner has-hover\" id=\"banner-757713141\">\n          <div class=\"banner-inner fill\">\n        <div class=\"banner-bg fill\" >\n            <div class=\"bg fill bg-fill \"><\/div>\n                                    \n                    <\/div><!-- bg-layers -->\n        <div class=\"banner-layers container\">\n            <div class=\"fill banner-link\"><\/div>            \n        <\/div><!-- .banner-layers -->\n      <\/div><!-- .banner-inner -->\n\n            \n<style scope=\"scope\">\n\n#banner-757713141 {\n  padding-top: 600px;\n}\n#banner-757713141 .bg.bg-loaded {\n  background-image: url(https:\/\/mauweb.monamedia.net\/haiau\/wp-content\/uploads\/2017\/11\/CLG855N-2.jpg);\n}\n#banner-757713141 .bg {\n  background-position: 46% 63%;\n}\n<\/style>\n  <\/div><!-- .banner -->\n\n\n<\/div><\/div>\n<div class=\"col medium-6 small-12 large-6\"  ><div class=\"col-inner\" style=\"padding:0px 0px 0px 40px;\" >\n<div class=\"gap-element\" style=\"display:block; height:auto; padding-top:15px\" class=\"clearfix\"><\/div>\n<div class=\"gap-element\" style=\"display:block; height:auto; padding-top:15px\" class=\"clearfix\"><\/div>\n<h1 class=\"uppercase\">LI\u00caN H\u1ec6 V\u1edaI CH\u00daNG T\u00d4I<\/h1>\n<p><span style=\"font-size: 80%;\">H\u00e3y \u0111\u1ec3 l\u1ea1i th\u00f4ng tin, ch\u00fang t\u00f4i s\u1ebd li\u00ean l\u1ea1c v\u1edbi b\u1ea1n.<\/span><\/p>\n<div class=\"gap-element\" style=\"display:block; height:auto; padding-top:10px\" class=\"clearfix\"><\/div>\n<div role=\"form\" class=\"wpcf7\" id=\"wpcf7-f5-o1\" lang=\"vi\" dir=\"ltr\">\n<div class=\"screen-reader-response\"><\/div>\n<form action=\"\/haiau\/wp-json\/wp\/v2\/pages\/20#wpcf7-f5-o1\" method=\"post\" class=\"wpcf7-form\" novalidate=\"novalidate\">\n<div style=\"display: none;\">\n<input type=\"hidden\" name=\"_wpcf7\" value=\"5\" \/>\n<input type=\"hidden\" name=\"_wpcf7_version\" value=\"4.9.2\" \/>\n<input type=\"hidden\" name=\"_wpcf7_locale\" value=\"vi\" \/>\n<input type=\"hidden\" name=\"_wpcf7_unit_tag\" value=\"wpcf7-f5-o1\" \/>\n<input type=\"hidden\" name=\"_wpcf7_container_post\" value=\"0\" \/>\n<\/div>\n<p><label> T\u00ean c\u1ee7a b\u1ea1n (*)<br \/>\n    <span class=\"wpcf7-form-control-wrap your-name\"><input type=\"text\" name=\"your-name\" value=\"\" size=\"40\" class=\"wpcf7-form-control wpcf7-text wpcf7-validates-as-required\" aria-required=\"true\" aria-invalid=\"false\" \/><\/span> <\/label><\/p>\n<p><label> Email (*)<br \/>\n    <span class=\"wpcf7-form-control-wrap your-email\"><input type=\"email\" name=\"your-email\" value=\"\" size=\"40\" class=\"wpcf7-form-control wpcf7-text wpcf7-email wpcf7-validates-as-required wpcf7-validates-as-email\" aria-required=\"true\" aria-invalid=\"false\" \/><\/span> <\/label><\/p>\n<p><label> Ti\u00eau \u0111\u1ec1<br \/>\n    <span class=\"wpcf7-form-control-wrap your-subject\"><input type=\"text\" name=\"your-subject\" value=\"\" size=\"40\" class=\"wpcf7-form-control wpcf7-text\" aria-invalid=\"false\" \/><\/span> <\/label><\/p>\n<p><label> N\u1ed9i dung<br \/>\n    <span class=\"wpcf7-form-control-wrap your-message\"><textarea name=\"your-message\" cols=\"40\" rows=\"10\" class=\"wpcf7-form-control wpcf7-textarea\" aria-invalid=\"false\"><\/textarea><\/span> <\/label><\/p>\n<p><input type=\"submit\" value=\"G\u1eedi li\u00ean h\u1ec7\" class=\"wpcf7-form-control wpcf7-submit\" \/><\/p>\n<input type='hidden' class='wpcf7-pum' value='{\"closepopup\":false,\"closedelay\":0,\"openpopup\":false,\"openpopup_id\":0}' \/><div class=\"wpcf7-response-output wpcf7-display-none\"><\/div><\/form><\/div>\n<\/div><\/div>\n<\/div>\n\t\t<\/div><!-- .section-content -->\n\n\t\t\n<style scope=\"scope\">\n\n#section_828028252 {\n  padding-top: 30px;\n  padding-bottom: 30px;\n}\n<\/style>\n\t<\/section>\n\t\n","protected":false},"excerpt":{"rendered":"","protected":false},"author":1,"featured_media":0,"parent":0,"menu_order":0,"comment_status":"closed","ping_status":"closed","template":"","meta":{"footnotes":""},"_links":{"self":[{"href":"https:\/\/mauweb.monamedia.net\/haiau\/wp-json\/wp\/v2\/pages\/20"}],"collection":[{"href":"https:\/\/mauweb.monamedia.net\/haiau\/wp-json\/wp\/v2\/pages"}],"about":[{"href":"https:\/\/mauweb.monamedia.net\/haiau\/wp-json\/wp\/v2\/types\/page"}],"author":[{"embeddable":true,"href":"https:\/\/mauweb.monamedia.net\/haiau\/wp-json\/wp\/v2\/users\/1"}],"replies":[{"embeddable":true,"href":"https:\/\/mauweb.monamedia.net\/haiau\/wp-json\/wp\/v2\/comments?post=20"}],"version-history":[{"count":3,"href":"https:\/\/mauweb.monamedia.net\/haiau\/wp-json\/wp\/v2\/pages\/20\/revisions"}],"predecessor-version":[{"id":314,"href":"https:\/\/mauweb.monamedia.net\/haiau\/wp-json\/wp\/v2\/pages\/20\/revisions\/314"}],"wp:attachment":[{"href":"https:\/\/mauweb.monamedia.net\/haiau\/wp-json\/wp\/v2\/media?parent=20"}],"curies":[{"name":"wp","href":"https:\/\/api.w.org\/{rel}","templated":true}]}}