{"id":18,"date":"2017-10-11T17:02:14","date_gmt":"2017-10-11T17:02:14","guid":{"rendered":"http:\/\/mauweb.monamedia.net\/haiau\/?page_id=18"},"modified":"2024-03-18T10:40:43","modified_gmt":"2024-03-18T10:40:43","slug":"gioi-thieu","status":"publish","type":"page","link":"https:\/\/mauweb.monamedia.net\/haiau\/gioi-thieu\/","title":{"rendered":"Gi\u1edbi thi\u1ec7u"},"content":{"rendered":"\t<section class=\"section\" id=\"section_1066123190\">\n\t\t<div class=\"bg section-bg fill bg-fill  bg-loaded\" >\n\n\t\t\t\n\t\t\t\n\t\t\t\n\n\t\t<\/div><!-- .section-bg -->\n\n\t\t<div class=\"section-content relative\">\n\t\t\t\n<div class=\"gap-element\" style=\"display:block; height:auto; padding-top:50px\" class=\"clearfix\"><\/div>\n<div class=\"row\"  id=\"row-3527752\">\n<div class=\"col medium-6 small-12 large-6\"  data-animate=\"fadeInLeft\"><div class=\"col-inner\"  >\n\t<div class=\"img has-hover x md-x lg-x y md-y lg-y\" id=\"image_2016577135\">\n\t\t\t\t\t\t\t\t<div class=\"img-inner dark\" >\n\t\t\t<img width=\"3408\" height=\"3744\" src=\"https:\/\/mauweb.monamedia.net\/haiau\/wp-content\/uploads\/2017\/11\/gioi-thieu.jpg\" class=\"attachment-original size-original\" alt=\"\" decoding=\"async\" loading=\"lazy\" srcset=\"https:\/\/mauweb.monamedia.net\/haiau\/wp-content\/uploads\/2017\/11\/gioi-thieu.jpg 3408w, https:\/\/mauweb.monamedia.net\/haiau\/wp-content\/uploads\/2017\/11\/gioi-thieu-273x300.jpg 273w, https:\/\/mauweb.monamedia.net\/haiau\/wp-content\/uploads\/2017\/11\/gioi-thieu-768x844.jpg 768w, https:\/\/mauweb.monamedia.net\/haiau\/wp-content\/uploads\/2017\/11\/gioi-thieu-932x1024.jpg 932w, https:\/\/mauweb.monamedia.net\/haiau\/wp-content\/uploads\/2017\/11\/gioi-thieu-22x24.jpg 22w, https:\/\/mauweb.monamedia.net\/haiau\/wp-content\/uploads\/2017\/11\/gioi-thieu-33x36.jpg 33w, https:\/\/mauweb.monamedia.net\/haiau\/wp-content\/uploads\/2017\/11\/gioi-thieu-44x48.jpg 44w\" sizes=\"(max-width: 3408px) 100vw, 3408px\" \/>\t\t\t\t\t\t\n\t\t\t\t\t<\/div>\n\t\t\t\t\t\t\t\t\n<style scope=\"scope\">\n\n#image_2016577135 {\n  width: 100%;\n}\n<\/style>\n\t<\/div>\n\t\n<\/div><\/div>\n<div class=\"col medium-6 small-12 large-6\"  data-animate=\"fadeInRight\"><div class=\"col-inner\"  >\n<div class=\"container section-title-container\" ><h3 class=\"section-title section-title-center\"><b><\/b><span class=\"section-title-main\" >M\u00e1y l\u1eadt x\u00fac H\u1ea3i \u00c2u<\/span><b><\/b><\/h3><\/div><!-- .section-title -->\n<h3><strong>Gi\u1edbi thi\u1ec7u<\/strong><\/h3>\n<p>M\u1ea1nh m\u1ebd tr\u00ean m\u1ecdi c\u00f4ng tr\u00ecnh, v\u1eefng b\u1ec1n theo th\u1eddi gian l\u00e0 nh\u1eefng \u0111\u1eb7c \u0111i\u1ec3m m\u00e0 qu\u00fd kh\u00e1ch h\u00e0ng s\u1ebd nh\u1eadn th\u1ea5y tr\u00ean t\u1eebng d\u00f2ng xe x\u00fac l\u1eadt c\u1ee7a H\u1ea3i \u00c2u.<\/p>\n<p>C\u00f4ng ty TNHH M\u00e1y x\u00e2y d\u1ef1ng H\u1ea3i \u00c2u hi\u1ec7n l\u00e0 nh\u00e0 ph\u00e2n ph\u1ed1i c\u00e1c d\u00f2ng xe x\u00fac l\u1eadt l\u1edbn nh\u1ea5t Vi\u1ec7t Nam. Ch\u00fang t\u00f4i hi\u1ec7n l\u00e0 \u0111\u1ed1i t\u00e1c c\u1ee7a c\u00e1c th\u01b0\u01a1ng hi\u1ec7u s\u1ea3n xu\u1ea5t m\u00e1y x\u00fac l\u1eadt h\u00e0ng \u0111\u1ea7u th\u1ebf gi\u1edbi nh\u01b0 Liugong, Dressta, Carmix, Aolite, \u2026 v\u1edbi c\u00e1c d\u00f2ng xe ch\u1ea5t l\u01b0\u1ee3ng cao, hi\u1ec7u n\u0103ng t\u1ed1t, t\u00ednh n\u0103ng linh \u0111\u1ed9ng, c\u00f4ng su\u1ea5t m\u1ea1nh m\u1ebd \u0111\u1ea3m b\u1ea3o ho\u1ea1t \u0111\u1ed9ng v\u1eefng v\u00e0ng tr\u00ean m\u1ecdi c\u00f4ng tr\u00ecnh.<\/p>\n<p>C\u00f4ng ty TNHH M\u00e1y x\u00e2y d\u1ef1ng H\u1ea3i \u00c2u tr\u1ef1c thu\u1ed9c T\u1eadp \u0111o\u00e0n H\u1ea3i \u00c2u, l\u00e0 m\u1ed9t trong nh\u1eefng t\u1eadp \u0111o\u00e0n l\u1edbn nh\u1ea5t Vi\u1ec7t Nam trong l\u0129nh v\u1ef1c ph\u00e2n ph\u1ed1i thi\u1ebft b\u1ecb, m\u00e1y m\u00f3c. K\u1ebf th\u1eeba truy\u1ec1n th\u1ed1ng t\u1eeb T\u1eadp \u0111o\u00e0n H\u1ea3i \u00c2u, c\u00f4ng ty TNHH M\u00e1y x\u00e2y d\u1ef1ng H\u1ea3i \u00c2u \u0111\u1eb7t m\u1ee5c ti\u00eau ph\u00e1t tri\u1ec3n tr\u1edf th\u00e0nh c\u00f4ng ty h\u00e0ng \u0111\u1ea7u c\u1ea3 n\u01b0\u1edbc trong l\u0129nh v\u1ef1c nh\u1eadp kh\u1ea9u v\u00e0 ph\u00e2n ph\u1ed1i m\u00e1y x\u00e2y d\u1ef1ng c\u00f4ng tr\u00ecnh n\u00f3i ch\u00fang v\u00e0 m\u00e1y x\u00fac l\u1eadt ch\u1ea5t l\u01b0\u1ee3ng cao n\u00f3i ri\u00eang.<\/p>\n<div class=\"gap-element\" style=\"display:block; height:auto; padding-top:6px\" class=\"clearfix\"><\/div>\n<\/div><\/div>\n<\/div>\n\t\t<\/div><!-- .section-content -->\n\n\t\t\n<style scope=\"scope\">\n\n#section_1066123190 {\n  padding-top: 30px;\n  padding-bottom: 30px;\n  background-color: rgb(255, 255, 255);\n}\n<\/style>\n\t<\/section>\n\t\n\t<section class=\"section\" id=\"section_806234289\">\n\t\t<div class=\"bg section-bg fill bg-fill  bg-loaded\" >\n\n\t\t\t\n\t\t\t\n\t\t\t\n\n\t\t<\/div><!-- .section-bg -->\n\n\t\t<div class=\"section-content relative\">\n\t\t\t\n<div class=\"row\"  id=\"row-83126222\">\n<div class=\"col small-12 large-12\"  data-animate=\"fadeInUp\"><div class=\"col-inner\"  >\n<div class=\"container section-title-container\" ><h3 class=\"section-title section-title-center\"><b><\/b><span class=\"section-title-main\" >\u0110\u1ed0I T\u00c1C C\u1ee6A CH\u00daNG T\u00d4I<\/span><b><\/b><\/h3><\/div><!-- .section-title -->\n<p>Hi\u1ec7n t\u1ea1i, C\u00f4ng ty TNHH M\u00e1y X\u00e2y D\u1ef1ng H\u1ea3i \u00c2u h\u00e2n h\u1ea1nh \u0111\u01b0\u1ee3c h\u1ee3p t\u00e1c c\u00f9ng r\u1ea5t nhi\u1ec1u \u0111\u1ed1i t\u00e1c l\u00e0 c\u00e1c th\u01b0\u01a1ng hi\u1ec7u s\u1ea3n xu\u1ea5t m\u00e1y x\u00e2y d\u1ef1ng ch\u1ea5t l\u01b0\u1ee3ng h\u00e0ng \u0111\u1ea7u th\u1ebf gi\u1edbi nh\u01b0 Liugong, Laigong, Aolite, Dynapac,\u2026<\/p>\n<p>Tu\u00e2n th\u1ee7 ph\u01b0\u01a1ng ch\u00e2m \u201cTh\u1ecbnh v\u01b0\u1ee3ng c\u00f9ng b\u1ea1n\u201d, H\u1ea3i \u00c2u s\u1ebd lu\u00f4n \u0111\u1ea3m b\u1ea3o h\u1ee3p t\u00e1c b\u1ec1n v\u1eefng c\u00f9ng \u0111\u1ed1i t\u00e1c. T\u1eeb \u0111\u00f3, cung c\u1ea5p \u0111\u1ebfn qu\u00fd kh\u00e1ch h\u00e0ng ch\u1ea5t l\u01b0\u1ee3ng c\u00e1c d\u00f2ng s\u1ea3n ph\u1ea9m m\u00e1y x\u00fac l\u1eadt t\u1ed1t nh\u1ea5t th\u1ecb tr\u01b0\u1eddng.<\/p>\n<\/div><\/div>\n<\/div>\n<div class=\"row\"  id=\"row-424524735\">\n<div class=\"col medium-3 small-6 large-3\"  data-animate=\"fadeInLeft\"><div class=\"col-inner\"  >\n    <div class=\"box has-hover has-hover box-text-bottom\" >\n\n                  <div class=\"box-image\" >\n             <div class=\"\" >\n                <img width=\"300\" height=\"100\" src=\"https:\/\/mauweb.monamedia.net\/haiau\/wp-content\/uploads\/2017\/11\/logo-doi-tac-1.jpg\" class=\"attachment-original size-original\" alt=\"\" decoding=\"async\" loading=\"lazy\" srcset=\"https:\/\/mauweb.monamedia.net\/haiau\/wp-content\/uploads\/2017\/11\/logo-doi-tac-1.jpg 300w, https:\/\/mauweb.monamedia.net\/haiau\/wp-content\/uploads\/2017\/11\/logo-doi-tac-1-24x8.jpg 24w, https:\/\/mauweb.monamedia.net\/haiau\/wp-content\/uploads\/2017\/11\/logo-doi-tac-1-36x12.jpg 36w, https:\/\/mauweb.monamedia.net\/haiau\/wp-content\/uploads\/2017\/11\/logo-doi-tac-1-48x16.jpg 48w\" sizes=\"(max-width: 300px) 100vw, 300px\" \/>                                              <\/div>\n          <\/div><!-- box-image -->\n         \n          <div class=\"box-text text-center\" >\n                <div class=\"box-text-inner\">\n                    \n<h4>LIUGONG<\/h4>\n                <\/div><!-- box-text-inner -->\n          <\/div><!-- box-text -->\n    <\/div><!-- .box  -->\n    \n<\/div><\/div>\n<div class=\"col medium-3 small-6 large-3\"  data-animate=\"fadeInLeft\"><div class=\"col-inner\"  >\n    <div class=\"box has-hover has-hover box-text-bottom\" >\n\n                  <div class=\"box-image\" >\n             <div class=\"\" >\n                <img width=\"300\" height=\"100\" src=\"https:\/\/mauweb.monamedia.net\/haiau\/wp-content\/uploads\/2017\/11\/logo-doi-tac-7.png\" class=\"attachment-original size-original\" alt=\"\" decoding=\"async\" loading=\"lazy\" srcset=\"https:\/\/mauweb.monamedia.net\/haiau\/wp-content\/uploads\/2017\/11\/logo-doi-tac-7.png 300w, https:\/\/mauweb.monamedia.net\/haiau\/wp-content\/uploads\/2017\/11\/logo-doi-tac-7-24x8.png 24w, https:\/\/mauweb.monamedia.net\/haiau\/wp-content\/uploads\/2017\/11\/logo-doi-tac-7-36x12.png 36w, https:\/\/mauweb.monamedia.net\/haiau\/wp-content\/uploads\/2017\/11\/logo-doi-tac-7-48x16.png 48w\" sizes=\"(max-width: 300px) 100vw, 300px\" \/>                                              <\/div>\n          <\/div><!-- box-image -->\n         \n          <div class=\"box-text text-center\" >\n                <div class=\"box-text-inner\">\n                    \n<h4>LAIGONG<\/h4>\n                <\/div><!-- box-text-inner -->\n          <\/div><!-- box-text -->\n    <\/div><!-- .box  -->\n    \n<\/div><\/div>\n<div class=\"col medium-3 small-6 large-3\"  data-animate=\"fadeInRight\"><div class=\"col-inner\"  >\n    <div class=\"box has-hover has-hover box-text-bottom\" >\n\n                  <div class=\"box-image\" >\n             <div class=\"\" >\n                <img width=\"300\" height=\"100\" src=\"https:\/\/mauweb.monamedia.net\/haiau\/wp-content\/uploads\/2017\/11\/logo-doi-tac-2.jpg\" class=\"attachment-original size-original\" alt=\"\" decoding=\"async\" loading=\"lazy\" srcset=\"https:\/\/mauweb.monamedia.net\/haiau\/wp-content\/uploads\/2017\/11\/logo-doi-tac-2.jpg 300w, https:\/\/mauweb.monamedia.net\/haiau\/wp-content\/uploads\/2017\/11\/logo-doi-tac-2-24x8.jpg 24w, https:\/\/mauweb.monamedia.net\/haiau\/wp-content\/uploads\/2017\/11\/logo-doi-tac-2-36x12.jpg 36w, https:\/\/mauweb.monamedia.net\/haiau\/wp-content\/uploads\/2017\/11\/logo-doi-tac-2-48x16.jpg 48w\" sizes=\"(max-width: 300px) 100vw, 300px\" \/>                                              <\/div>\n          <\/div><!-- box-image -->\n         \n          <div class=\"box-text text-center\" >\n                <div class=\"box-text-inner\">\n                    \n<h4>AOLITE<\/h4>\n                <\/div><!-- box-text-inner -->\n          <\/div><!-- box-text -->\n    <\/div><!-- .box  -->\n    \n<\/div><\/div>\n<div class=\"col medium-3 small-6 large-3\"  data-animate=\"fadeInRight\"><div class=\"col-inner\"  >\n    <div class=\"box has-hover has-hover box-text-bottom\" >\n\n                  <div class=\"box-image\" >\n             <div class=\"\" >\n                <img width=\"300\" height=\"100\" src=\"https:\/\/mauweb.monamedia.net\/haiau\/wp-content\/uploads\/2017\/11\/logo-doi-tac-15.jpg\" class=\"attachment-original size-original\" alt=\"\" decoding=\"async\" loading=\"lazy\" srcset=\"https:\/\/mauweb.monamedia.net\/haiau\/wp-content\/uploads\/2017\/11\/logo-doi-tac-15.jpg 300w, https:\/\/mauweb.monamedia.net\/haiau\/wp-content\/uploads\/2017\/11\/logo-doi-tac-15-24x8.jpg 24w, https:\/\/mauweb.monamedia.net\/haiau\/wp-content\/uploads\/2017\/11\/logo-doi-tac-15-36x12.jpg 36w, https:\/\/mauweb.monamedia.net\/haiau\/wp-content\/uploads\/2017\/11\/logo-doi-tac-15-48x16.jpg 48w\" sizes=\"(max-width: 300px) 100vw, 300px\" \/>                                              <\/div>\n          <\/div><!-- box-image -->\n         \n          <div class=\"box-text text-center\" >\n                <div class=\"box-text-inner\">\n                    \n<h4>DYNAPAC<\/h4>\n                <\/div><!-- box-text-inner -->\n          <\/div><!-- box-text -->\n    <\/div><!-- .box  -->\n    \n<\/div><\/div>\n<\/div>\n\t\t<\/div><!-- .section-content -->\n\n\t\t\n<style scope=\"scope\">\n\n#section_806234289 {\n  padding-top: 30px;\n  padding-bottom: 30px;\n}\n<\/style>\n\t<\/section>\n\t\n\t<section class=\"section\" id=\"section_51647434\">\n\t\t<div class=\"bg section-bg fill bg-fill  bg-loaded\" >\n\n\t\t\t\n\t\t\t\n\t\t\t\n\n\t\t<\/div><!-- .section-bg -->\n\n\t\t<div class=\"section-content relative\">\n\t\t\t\n<div class=\"row row-collapse\"  id=\"row-2057354117\">\n<div class=\"col small-12 large-12\"  data-animate=\"flipInY\"><div class=\"col-inner text-center\"  >\n<div class=\"container section-title-container\" ><h3 class=\"section-title section-title-center\"><b><\/b><span class=\"section-title-main\" >CH\u1ee8NG NH\u1eacN \u0110\u1ea0I L\u00dd \u1ee6Y QUY\u1ec0N<\/span><b><\/b><\/h3><\/div><!-- .section-title -->\n\t<div class=\"img has-hover x md-x lg-x y md-y lg-y\" id=\"image_1500355101\">\n\t\t\t\t\t\t\t\t<div class=\"img-inner box-shadow-1 box-shadow-2-hover dark\" >\n\t\t\t<img width=\"1500\" height=\"2048\" src=\"https:\/\/mauweb.monamedia.net\/haiau\/wp-content\/uploads\/2017\/12\/Giay-Uy-Quyen.jpg\" class=\"attachment-original size-original\" alt=\"\" decoding=\"async\" loading=\"lazy\" srcset=\"https:\/\/mauweb.monamedia.net\/haiau\/wp-content\/uploads\/2017\/12\/Giay-Uy-Quyen.jpg 1500w, https:\/\/mauweb.monamedia.net\/haiau\/wp-content\/uploads\/2017\/12\/Giay-Uy-Quyen-220x300.jpg 220w, https:\/\/mauweb.monamedia.net\/haiau\/wp-content\/uploads\/2017\/12\/Giay-Uy-Quyen-768x1049.jpg 768w, https:\/\/mauweb.monamedia.net\/haiau\/wp-content\/uploads\/2017\/12\/Giay-Uy-Quyen-750x1024.jpg 750w, https:\/\/mauweb.monamedia.net\/haiau\/wp-content\/uploads\/2017\/12\/Giay-Uy-Quyen-18x24.jpg 18w, https:\/\/mauweb.monamedia.net\/haiau\/wp-content\/uploads\/2017\/12\/Giay-Uy-Quyen-26x36.jpg 26w, https:\/\/mauweb.monamedia.net\/haiau\/wp-content\/uploads\/2017\/12\/Giay-Uy-Quyen-35x48.jpg 35w\" sizes=\"(max-width: 1500px) 100vw, 1500px\" \/>\t\t\t\t\t\t\n\t\t\t\t\t<\/div>\n\t\t\t\t\t\t\t\t\n<style scope=\"scope\">\n\n#image_1500355101 {\n  width: 90%;\n}\n\n\n@media (min-width:550px) {\n\n  #image_1500355101 {\n    width: 65%;\n  }\n\n}\n<\/style>\n\t<\/div>\n\t\n<\/div><\/div>\n\n<style scope=\"scope\">\n\n<\/style>\n<\/div>\n<div class=\"gap-element\" style=\"display:block; height:auto; padding-top:60px\" class=\"clearfix\"><\/div>\n\t\t<\/div><!-- .section-content -->\n\n\t\t\n<style scope=\"scope\">\n\n#section_51647434 {\n  padding-top: 0px;\n  padding-bottom: 0px;\n}\n<\/style>\n\t<\/section>\n\t\n","protected":false},"excerpt":{"rendered":"","protected":false},"author":1,"featured_media":0,"parent":0,"menu_order":0,"comment_status":"closed","ping_status":"closed","template":"page-blank.php","meta":{"footnotes":""},"_links":{"self":[{"href":"https:\/\/mauweb.monamedia.net\/haiau\/wp-json\/wp\/v2\/pages\/18"}],"collection":[{"href":"https:\/\/mauweb.monamedia.net\/haiau\/wp-json\/wp\/v2\/pages"}],"about":[{"href":"https:\/\/mauweb.monamedia.net\/haiau\/wp-json\/wp\/v2\/types\/page"}],"author":[{"embeddable":true,"href":"https:\/\/mauweb.monamedia.net\/haiau\/wp-json\/wp\/v2\/users\/1"}],"replies":[{"embeddable":true,"href":"https:\/\/mauweb.monamedia.net\/haiau\/wp-json\/wp\/v2\/comments?post=18"}],"version-history":[{"count":17,"href":"https:\/\/mauweb.monamedia.net\/haiau\/wp-json\/wp\/v2\/pages\/18\/revisions"}],"predecessor-version":[{"id":846,"href":"https:\/\/mauweb.monamedia.net\/haiau\/wp-json\/wp\/v2\/pages\/18\/revisions\/846"}],"wp:attachment":[{"href":"https:\/\/mauweb.monamedia.net\/haiau\/wp-json\/wp\/v2\/media?parent=18"}],"curies":[{"name":"wp","href":"https:\/\/api.w.org\/{rel}","templated":true}]}}